{"id":3975,"date":"2021-02-23T19:07:03","date_gmt":"2021-02-23T19:07:03","guid":{"rendered":"https:\/\/ny.fguit.dk\/index.php\/grafisk-vaerksted-kommunikation-og-medier-paa-fgu-roskilde\/"},"modified":"2025-08-26T08:59:35","modified_gmt":"2025-08-26T08:59:35","slug":"grafisk-design-kommunikation-og-medier-paa-fgu-roskilde-lejre","status":"publish","type":"page","link":"https:\/\/fgu-skolen.dk\/index.php\/grafisk-design-kommunikation-og-medier-paa-fgu-roskilde-lejre\/","title":{"rendered":"Grafisk Design &#8211; Kommunikation og medier p\u00e5 FGU Roskilde Lejre"},"content":{"rendered":"<div data-colibri-id=\"3975-c1\" class=\"style-2343 style-local-3975-c1 position-relative\">\n  <!---->\n  <div data-colibri-component=\"section\" data-colibri-id=\"3975-c2\" id=\"reusable-sections\" class=\"h-section h-section-global-spacing d-flex align-items-lg-center align-items-md-center align-items-center style-2344 style-local-3975-c2 position-relative\">\n    <!---->\n    <!---->\n    <div class=\"h-section-grid-container h-section-boxed-container\">\n      <!---->\n      <div data-colibri-id=\"3975-c3\" class=\"h-row-container gutters-row-lg-2 gutters-row-md-2 gutters-row-0 gutters-row-v-lg-2 gutters-row-v-md-2 gutters-row-v-2 style-2345 style-local-3975-c3 position-relative\">\n        <!---->\n        <div class=\"h-row justify-content-lg-center justify-content-md-center justify-content-center align-items-lg-stretch align-items-md-stretch align-items-stretch gutters-col-lg-2 gutters-col-md-2 gutters-col-0 gutters-col-v-lg-2 gutters-col-v-md-2 gutters-col-v-2\">\n          <!---->\n          <div class=\"h-column h-column-container d-flex h-col-lg-auto h-col-md-auto h-col-auto style-2346-outer style-local-3975-c4-outer\">\n            <div data-colibri-id=\"3975-c4\" class=\"d-flex h-flex-basis h-column__inner h-px-lg-2 h-px-md-2 h-px-2 v-inner-lg-2 v-inner-md-2 v-inner-2 style-2346 style-local-3975-c4 position-relative\">\n              <!---->\n              <!---->\n              <div class=\"w-100 h-y-container h-column__content h-column__v-align flex-basis-100 align-self-lg-start align-self-md-start align-self-start\">\n                <!---->\n                <div data-colibri-id=\"3975-c5\" class=\"h-text h-text-component style-2347 style-local-3975-c5 position-relative h-element\">\n                  <!---->\n                  <!---->\n                  <div class=\"\">\n                    <p><strong>P\u00e5 Grafisk Design arbejder vi med visuel kommunikation i alle afskygninger \u2013 dog mest digitalt.&nbsp;<\/strong>\n                      <br>\n                      <br> Vi fremstiller visitkort, plakater og brochurer, vi tegner, maler og afpr\u00f8ver forskellige grafiske udtryk.<\/p>\n                    <p>Hver elev har sin egen arbejdsplads.\n                      <br>Man er velkommen til at medbringe eget udstyr.<\/p>\n                    <p>Vi bruger f\u00f8lgende programmer:&nbsp;\n                      <br> \u2022 Adobe Photoshop \u2013 billedredigeringsprogram\n                      <br> \u2022 Adobe Illustrator \u2013 vektorbaseret tegneprogram\n                      <br> \u2022 Adobe InDesign \u2013 ops\u00e6tnings- og tekstbehandlingsprogram\n                      <br>\u2022 MS Paint<\/p>\n                    <p>Du kan f\u00e5 programmerne installeret p\u00e5 din egen computer, imens du g\u00e5r p\u00e5 v\u00e6rkstedet.<\/p>\n                    <p>Vi arbejder prim\u00e6rt p\u00e5 sk\u00e6rm, men der er ogs\u00e5 mulighed for traditionelt \u201dh\u00e5ndarbejde\u201d &#8211; <em>you know <\/em>&#8211; papir, tegne, male og linoleum.\n                      <br>\n                      <br> Vi bes\u00f8ger relevante uddannelsesinstitutioner \u2013 f.eks. Roskilde Tekniske Skole eller NEXT i K\u00f8benhavn, Kunstakademiet o.l. der kan v\u00e6re relevant.\n                      <br>\n                      <br> Vi tager ogs\u00e5 p\u00e5 virksomhedsbes\u00f8g, f.eks. trykkerier og specialbutikker med tegneartikler.\n                      <br>\n                      <br> \u201dKreativitet foruds\u00e6tter viden\u201d, siger vi og tager p\u00e5 ture til kunstmuseer for inspiration og viden.\n                      <br>\n                      <br> Vores andet slogan er \u201dUnderforst\u00e5et selvdisciplin\u201d.\n                      <br>Du skal ville arbejde selvst\u00e6ndigt og kreativt med visuelle udtryk.\n                      <br>Du skal boble for at fort\u00e6lle historier ved hj\u00e6lp af tegninger, malerier, fotos og publikationer \u2013 ogs\u00e5 til helt almindelige kunder ud af huset.<\/p>\n                    <p>Der vil v\u00e6re tid til at forf\u00f8lge dine egne ambitioner og opbygge din pr\u00e6sentationsportfolio, der bl.a. kan bruges til at s\u00f8ge ind p\u00e5 grafiske og kunstfaglige ungdomsuddannelser.<\/p>\n                  <\/div>\n                <\/div>\n                <div data-colibri-id=\"3975-c6\" class=\"h-x-container style-4112 style-local-3975-c6 position-relative h-element\">\n                  <!---->\n                  <div class=\"h-x-container-inner style-dynamic-3975-c6-group style-4112-spacing style-local-3975-c6-spacing\"><span class=\"h-button__outer style-4113-outer style-local-3975-c7-outer d-inline-flex h-element\"><a h-use-smooth-scroll=\"true\" href=\"https:\/\/fgu-skolen.dk\/wp-content\/uploads\/2025\/05\/RL_Grafisk_Design_2025.mp3\"  data-colibri-id=\"3975-c7\" class=\"d-flex w-100 align-items-center h-button justify-content-lg-center justify-content-md-center justify-content-center style-4113 style-local-3975-c7 position-relative\"><!----><!----> <span>L\u00e6s op<\/span><\/a>\n                    <\/span>\n                  <\/div>\n                <\/div>\n              <\/div>\n            <\/div>\n          <\/div>\n          <div class=\"h-column h-column-container d-flex h-col-lg-auto h-col-md-auto h-col-auto style-2348-outer style-local-3975-c8-outer\">\n            <div data-colibri-id=\"3975-c8\" class=\"d-flex h-flex-basis h-column__inner h-px-lg-2 h-px-md-2 h-px-2 v-inner-lg-2 v-inner-md-2 v-inner-2 style-2348 style-local-3975-c8 position-relative\">\n              <!---->\n              <!---->\n              <div class=\"w-100 h-y-container h-column__content h-column__v-align flex-basis-100 align-self-lg-start align-self-md-start align-self-start\">\n                <!---->\n                <div data-colibri-id=\"3975-c9\" class=\"d-block style-2349 style-local-3975-c9 position-relative h-element\">\n                  <!---->\n                  <div class=\"h-image__frame-container-outer\">\n                    <div class=\"h-image__frame-container\">\n                      <!---->\n                      <!---->\n                      <img loading=\"lazy\" decoding=\"async\" width=\"599\" height=\"568\" src=\"https:\/\/fgu-skolen.dk\/wp-content\/uploads\/2025\/08\/Jon_Grafisk_Design.jpg\" class=\"wp-image-17587 style-2349-image style-local-3975-c9-image\" alt=\"\" srcset=\"https:\/\/fgu-skolen.dk\/wp-content\/uploads\/2025\/08\/Jon_Grafisk_Design.jpg 599w, https:\/\/fgu-skolen.dk\/wp-content\/uploads\/2025\/08\/Jon_Grafisk_Design-300x284.jpg 300w\" sizes=\"auto, (max-width: 599px) 100vw, 599px\" \/>\n                      <div class=\"h-image__frame h-hide-lg h-hide-md h-hide-sm style-2349-frameImage style-local-3975-c9-frameImage\"><\/div>\n                    <\/div>\n                  <\/div>\n                <\/div>\n              <\/div>\n            <\/div>\n          <\/div>\n        <\/div>\n      <\/div>\n    <\/div>\n  <\/div>\n  <div data-colibri-component=\"section\" data-colibri-id=\"3975-c10\" id=\"reusable-sections-2\" class=\"h-section h-section-global-spacing d-flex align-items-lg-center align-items-md-center align-items-center style-2350 style-local-3975-c10 position-relative\">\n    <!---->\n    <!---->\n    <div class=\"h-section-grid-container h-section-boxed-container\">\n      <!---->\n      <div data-colibri-id=\"3975-c11\" class=\"h-row-container gutters-row-lg-2 gutters-row-md-2 gutters-row-0 gutters-row-v-lg-2 gutters-row-v-md-2 gutters-row-v-2 style-2351 style-local-3975-c11 position-relative\">\n        <!---->\n        <div class=\"h-row justify-content-lg-center justify-content-md-center justify-content-center align-items-lg-stretch align-items-md-stretch align-items-stretch gutters-col-lg-2 gutters-col-md-2 gutters-col-0 gutters-col-v-lg-2 gutters-col-v-md-2 gutters-col-v-2\">\n          <!---->\n          <div class=\"h-column h-column-container d-flex h-col-lg-auto h-col-md-auto h-col-auto style-2352-outer style-local-3975-c12-outer\">\n            <div data-colibri-id=\"3975-c12\" class=\"d-flex h-flex-basis h-column__inner h-px-lg-2 h-px-md-2 h-px-2 v-inner-lg-2 v-inner-md-2 v-inner-2 style-2352 style-local-3975-c12 position-relative\">\n              <!---->\n              <!---->\n              <div class=\"w-100 h-y-container h-column__content h-column__v-align flex-basis-100 align-self-lg-start align-self-md-start align-self-start\">\n                <!---->\n                <div data-colibri-id=\"3975-c13\" class=\"h-text h-text-component style-2353 style-local-3975-c13 position-relative h-element\">\n                  <!---->\n                  <!---->\n                  <div class=\"\">\n                    <p><em><u>Uddannelser, som v\u00e6rkstedet peger hen imod:<\/u><\/em>\n                      <br><strong>Mediegrafiker&nbsp;\u2013 Designer \u2013 Illustrator \u2013 Reklametegner \u2013 Kunstner \u2013 Formidler&nbsp;\u2013 AGU \u2013 HF \u2013 etc.<\/strong>\n                      <br>\n                      <br><em style=\"font-weight: 400; font-size: 16px; font-family: Lato; color: rgb(58, 97, 107);\"><u>Stikord om dagligdagen:<\/u><\/em><span style=\"font-weight: 400; font-size: 16px; font-family: Lato; color: rgb(58, 97, 107);\"><br><\/span><strong>Photoshop \u2013 Illustrator \u2013 InDesign \u2013 Blyant &amp; viskel\u00e6der \u2013 lineal \u2013 Post-it \u2013 L\u00f8sningsorienteret \u2013 Individuelt og gruppearbejde \u2013 Teknik \u2013 Vedligeholdelse \u2013 Print \u2013 Tegning \u2013 Kunst&nbsp;\u2013 Billeder \u2013 Logo \u2013 Skrifttyper.<\/strong>\n                      <br>\n                    <\/p>\n                  <\/div>\n                <\/div>\n              <\/div>\n            <\/div>\n          <\/div>\n        <\/div>\n      <\/div>\n    <\/div>\n  <\/div>\n  <div data-colibri-component=\"section\" data-colibri-id=\"3975-c14\" id=\"reusable-sections-3\" class=\"h-section h-section-global-spacing d-flex align-items-lg-center align-items-md-center align-items-center style-2354 style-local-3975-c14 position-relative\">\n    <!---->\n    <!---->\n    <div class=\"h-section-grid-container h-section-boxed-container\">\n      <!---->\n      <div data-colibri-id=\"3975-c15\" class=\"h-row-container gutters-row-lg-2 gutters-row-md-2 gutters-row-0 gutters-row-v-lg-2 gutters-row-v-md-2 gutters-row-v-2 style-2355 style-local-3975-c15 position-relative\">\n        <!---->\n        <div class=\"h-row justify-content-lg-center justify-content-md-center justify-content-center align-items-lg-stretch align-items-md-stretch align-items-stretch gutters-col-lg-2 gutters-col-md-2 gutters-col-0 gutters-col-v-lg-2 gutters-col-v-md-2 gutters-col-v-2\">\n          <!---->\n          <div class=\"h-column h-column-container d-flex h-col-lg-auto h-col-md-auto h-col-auto style-2356-outer style-local-3975-c16-outer\">\n            <div data-colibri-id=\"3975-c16\" class=\"d-flex h-flex-basis h-column__inner h-px-lg-2 h-px-md-2 h-px-2 v-inner-lg-2 v-inner-md-2 v-inner-2 style-2356 style-local-3975-c16 position-relative\">\n              <!---->\n              <!---->\n              <div class=\"w-100 h-y-container h-column__content h-column__v-align flex-basis-100 align-self-lg-start align-self-md-start align-self-start\">\n                <!---->\n                <div data-colibri-component=\"slider\" data-colibri-id=\"3975-c17\" class=\"h-slider d-flex style-2357 style-local-3975-c17 position-relative\">\n                  <!---->\n                  <div class=\"swiper-container h-row-container gutters-row-lg-2 gutters-row-md-2 gutters-row-3 gutters-row-v-lg-3 gutters-row-v-md-3 gutters-row-v-3 h-overflow-hidden\">\n                    <div class=\"swiper-wrapper h-row justify-content-lg-start justify-content-md-start justify-content-start align-items-lg-stretch align-items-md-stretch align-items-stretch gutters-col-lg-2 gutters-col-md-2 gutters-col-3 gutters-col-v-lg-3 gutters-col-v-md-3 gutters-col-v-3\">\n                      <div data-colibri-component=\"link\" data-href=\"\" class=\"h-slider-item swiper-slide h-column h-column-container d-flex h-col-auto style-2358-outer style-local-3975-c18-outer\">\n                        <div data-colibri-id=\"3975-c18\" class=\"w-100 h-swiper-item__inner d-flex h-flex-basis h-HopTextCarouselItem__inner h-px-lg-2 h-px-md-2 h-px-2 v-inner-lg-2 v-inner-md-2 v-inner-2 style-2358 style-local-3975-c18 position-relative\">\n                          <!---->\n                          <div class=\"w-100 h-100 d-flex justify-content-lg-center justify-content-md-center justify-content-center align-items-lg-center align-items-md-center align-items-center\">\n                            <div class=\"w-100 h-y-container h-column__content h-column__v-align flex-basis-100 align-self-lg-center align-self-md-center align-self-center h-slider-item-content-wrapper\">\n                              <!---->\n                              <div data-colibri-id=\"3975-c19\" class=\"d-block style-2359 style-local-3975-c19 position-relative h-element\">\n                                <!---->\n                                <div class=\"h-image__frame-container-outer\">\n                                  <div class=\"h-image__frame-container\">\n                                    <!---->\n                                    <!---->\n                                    <img loading=\"lazy\" decoding=\"async\" width=\"100\" height=\"150\" src=\"https:\/\/fgu-skolen.dk\/wp-content\/uploads\/2021\/02\/17-mini-Portraet-1a1-Jon-Grafisk-Roskilde.jpg\" class=\"wp-image-3649 style-2359-image style-local-3975-c19-image\" alt=\"\" \/>\n                                    <div class=\"h-image__frame h-hide-lg h-hide-md h-hide-sm style-2359-frameImage style-local-3975-c19-frameImage\"><\/div>\n                                  <\/div>\n                                <\/div>\n                              <\/div>\n                              <div data-colibri-id=\"3975-c20\" class=\"h-global-transition-all h-heading style-2360 style-local-3975-c20 position-relative h-element\">\n                                <!---->\n                                <div class=\"h-heading__outer style-2360 style-local-3975-c20\">\n                                  <!---->\n                                  <!---->\n                                  <h5 class=\"\">Jon Borggaard<\/h5>\n                                <\/div>\n                              <\/div>\n                              <div data-colibri-id=\"3975-c21\" class=\"h-text h-text-component style-2361 style-local-3975-c21 position-relative h-element\">\n                                <!---->\n                                <!---->\n                                <div class=\"\">\n                                  <p><em style=\"font-family: &quot;Open Sans&quot;; color: rgb(0, 8, 10);\">Grafiker<br>41 39 72 08&nbsp;<br>jpb@fgu-skolen.dk<\/em><\/p>\n                                <\/div>\n                              <\/div>\n                            <\/div>\n                          <\/div>\n                        <\/div>\n                      <\/div>\n                    <\/div>\n                    <div class=\"resize-triggers\">\n                      <div class=\"expand-trigger\">\n                        <div style=\"width: 1px; height: 1px;\"><\/div>\n                      <\/div>\n                      <div class=\"contract-trigger\"><\/div>\n                    <\/div>\n                  <\/div>\n                <\/div>\n              <\/div>\n            <\/div>\n          <\/div>\n        <\/div>\n      <\/div>\n    <\/div>\n  <\/div>\n<\/div>","protected":false},"excerpt":{"rendered":"<p>P\u00e5 Grafisk Design arbejder vi med visuel kommunikation i alle afskygninger \u2013 dog mest digitalt.&nbsp; Vi fremstiller visitkort, plakater og brochurer, vi tegner, maler og afpr\u00f8ver forskellige grafiske udtryk. Hver elev har sin egen arbejdsplads. Man er velkommen til at medbringe eget udstyr. Vi bruger f\u00f8lgende programmer:&nbsp; \u2022 Adobe Photoshop \u2013 billedredigeringsprogram \u2022 Adobe Illustrator [&hellip;]<\/p>\n","protected":false},"author":5,"featured_media":0,"parent":0,"menu_order":0,"comment_status":"closed","ping_status":"closed","template":"page-templates\/full-width-page.php","meta":{"_mo_disable_npp":"","h5ap_radio_sources":[],"footnotes":""},"class_list":["post-3975","page","type-page","status-publish","hentry"],"yoast_head":"<!-- This site is optimized with the Yoast SEO plugin v27.2 - https:\/\/yoast.com\/product\/yoast-seo-wordpress\/ -->\n<title>Grafisk Design - Kommunikation og medier p\u00e5 FGU Roskilde Lejre - FGU-Skolen &Oslash;st<\/title>\n<meta name=\"robots\" content=\"index, follow, max-snippet:-1, max-image-preview:large, max-video-preview:-1\" \/>\n<link rel=\"canonical\" href=\"https:\/\/fgu-skolen.dk\/index.php\/grafisk-design-kommunikation-og-medier-paa-fgu-roskilde-lejre\/\" \/>\n<meta property=\"og:locale\" content=\"da_DK\" \/>\n<meta property=\"og:type\" content=\"article\" \/>\n<meta property=\"og:title\" content=\"Grafisk Design - Kommunikation og medier p\u00e5 FGU Roskilde Lejre - FGU-Skolen &Oslash;st\" \/>\n<meta property=\"og:description\" content=\"P\u00e5 Grafisk Design arbejder vi med visuel kommunikation i alle afskygninger \u2013 dog mest digitalt.&nbsp; Vi fremstiller visitkort, plakater og brochurer, vi tegner, maler og afpr\u00f8ver forskellige grafiske udtryk. Hver elev har sin egen arbejdsplads. Man er velkommen til at medbringe eget udstyr. Vi bruger f\u00f8lgende programmer:&nbsp; \u2022 Adobe Photoshop \u2013 billedredigeringsprogram \u2022 Adobe Illustrator [&hellip;]\" \/>\n<meta property=\"og:url\" content=\"https:\/\/fgu-skolen.dk\/index.php\/grafisk-design-kommunikation-og-medier-paa-fgu-roskilde-lejre\/\" \/>\n<meta property=\"og:site_name\" content=\"FGU-Skolen &Oslash;st\" \/>\n<meta property=\"article:modified_time\" content=\"2025-08-26T08:59:35+00:00\" \/>\n<meta property=\"og:image\" content=\"https:\/\/fgu-skolen.dk\/wp-content\/uploads\/2025\/08\/Jon_Grafisk_Design.jpg\" \/>\n\t<meta property=\"og:image:width\" content=\"599\" \/>\n\t<meta property=\"og:image:height\" content=\"568\" \/>\n\t<meta property=\"og:image:type\" content=\"image\/jpeg\" \/>\n<meta name=\"twitter:card\" content=\"summary_large_image\" \/>\n<meta name=\"twitter:label1\" content=\"Estimeret l\u00e6setid\" \/>\n\t<meta name=\"twitter:data1\" content=\"1 minut\" \/>\n<script type=\"application\/ld+json\" class=\"yoast-schema-graph\">{\"@context\":\"https:\/\/schema.org\",\"@graph\":[{\"@type\":\"WebPage\",\"@id\":\"https:\/\/fgu-skolen.dk\/index.php\/grafisk-design-kommunikation-og-medier-paa-fgu-roskilde-lejre\/\",\"url\":\"https:\/\/fgu-skolen.dk\/index.php\/grafisk-design-kommunikation-og-medier-paa-fgu-roskilde-lejre\/\",\"name\":\"Grafisk Design - Kommunikation og medier p\u00e5 FGU Roskilde Lejre - FGU-Skolen &Oslash;st\",\"isPartOf\":{\"@id\":\"https:\/\/fgu-skolen.dk\/#website\"},\"primaryImageOfPage\":{\"@id\":\"https:\/\/fgu-skolen.dk\/index.php\/grafisk-design-kommunikation-og-medier-paa-fgu-roskilde-lejre\/#primaryimage\"},\"image\":{\"@id\":\"https:\/\/fgu-skolen.dk\/index.php\/grafisk-design-kommunikation-og-medier-paa-fgu-roskilde-lejre\/#primaryimage\"},\"thumbnailUrl\":\"https:\/\/fgu-skolen.dk\/wp-content\/uploads\/2025\/08\/Jon_Grafisk_Design.jpg\",\"datePublished\":\"2021-02-23T19:07:03+00:00\",\"dateModified\":\"2025-08-26T08:59:35+00:00\",\"breadcrumb\":{\"@id\":\"https:\/\/fgu-skolen.dk\/index.php\/grafisk-design-kommunikation-og-medier-paa-fgu-roskilde-lejre\/#breadcrumb\"},\"inLanguage\":\"da-DK\",\"potentialAction\":[{\"@type\":\"ReadAction\",\"target\":[\"https:\/\/fgu-skolen.dk\/index.php\/grafisk-design-kommunikation-og-medier-paa-fgu-roskilde-lejre\/\"]}]},{\"@type\":\"ImageObject\",\"inLanguage\":\"da-DK\",\"@id\":\"https:\/\/fgu-skolen.dk\/index.php\/grafisk-design-kommunikation-og-medier-paa-fgu-roskilde-lejre\/#primaryimage\",\"url\":\"https:\/\/fgu-skolen.dk\/wp-content\/uploads\/2025\/08\/Jon_Grafisk_Design.jpg\",\"contentUrl\":\"https:\/\/fgu-skolen.dk\/wp-content\/uploads\/2025\/08\/Jon_Grafisk_Design.jpg\",\"width\":599,\"height\":568},{\"@type\":\"BreadcrumbList\",\"@id\":\"https:\/\/fgu-skolen.dk\/index.php\/grafisk-design-kommunikation-og-medier-paa-fgu-roskilde-lejre\/#breadcrumb\",\"itemListElement\":[{\"@type\":\"ListItem\",\"position\":1,\"name\":\"Hjem\",\"item\":\"https:\/\/fgu-skolen.dk\/\"},{\"@type\":\"ListItem\",\"position\":2,\"name\":\"Grafisk Design &#8211; Kommunikation og medier p\u00e5 FGU Roskilde Lejre\"}]},{\"@type\":\"WebSite\",\"@id\":\"https:\/\/fgu-skolen.dk\/#website\",\"url\":\"https:\/\/fgu-skolen.dk\/\",\"name\":\"FGU-Skolen &Oslash;st\",\"description\":\"\",\"publisher\":{\"@id\":\"https:\/\/fgu-skolen.dk\/#organization\"},\"potentialAction\":[{\"@type\":\"SearchAction\",\"target\":{\"@type\":\"EntryPoint\",\"urlTemplate\":\"https:\/\/fgu-skolen.dk\/?s={search_term_string}\"},\"query-input\":{\"@type\":\"PropertyValueSpecification\",\"valueRequired\":true,\"valueName\":\"search_term_string\"}}],\"inLanguage\":\"da-DK\"},{\"@type\":\"Organization\",\"@id\":\"https:\/\/fgu-skolen.dk\/#organization\",\"name\":\"FGU-Skolen &Oslash;st\",\"url\":\"https:\/\/fgu-skolen.dk\/\",\"logo\":{\"@type\":\"ImageObject\",\"inLanguage\":\"da-DK\",\"@id\":\"https:\/\/fgu-skolen.dk\/#\/schema\/logo\/image\/\",\"url\":\"https:\/\/fgu-skolen.dk\/wp-content\/uploads\/2021\/02\/cropped-cropped-Logo_FGU-Skolen-Oest-002.png\",\"contentUrl\":\"https:\/\/fgu-skolen.dk\/wp-content\/uploads\/2021\/02\/cropped-cropped-Logo_FGU-Skolen-Oest-002.png\",\"width\":945,\"height\":650,\"caption\":\"FGU-Skolen &Oslash;st\"},\"image\":{\"@id\":\"https:\/\/fgu-skolen.dk\/#\/schema\/logo\/image\/\"}}]}<\/script>\n<!-- \/ Yoast SEO plugin. -->","yoast_head_json":{"title":"Grafisk Design - Kommunikation og medier p\u00e5 FGU Roskilde Lejre - FGU-Skolen &Oslash;st","robots":{"index":"index","follow":"follow","max-snippet":"max-snippet:-1","max-image-preview":"max-image-preview:large","max-video-preview":"max-video-preview:-1"},"canonical":"https:\/\/fgu-skolen.dk\/index.php\/grafisk-design-kommunikation-og-medier-paa-fgu-roskilde-lejre\/","og_locale":"da_DK","og_type":"article","og_title":"Grafisk Design - Kommunikation og medier p\u00e5 FGU Roskilde Lejre - FGU-Skolen &Oslash;st","og_description":"P\u00e5 Grafisk Design arbejder vi med visuel kommunikation i alle afskygninger \u2013 dog mest digitalt.&nbsp; Vi fremstiller visitkort, plakater og brochurer, vi tegner, maler og afpr\u00f8ver forskellige grafiske udtryk. Hver elev har sin egen arbejdsplads. Man er velkommen til at medbringe eget udstyr. Vi bruger f\u00f8lgende programmer:&nbsp; \u2022 Adobe Photoshop \u2013 billedredigeringsprogram \u2022 Adobe Illustrator [&hellip;]","og_url":"https:\/\/fgu-skolen.dk\/index.php\/grafisk-design-kommunikation-og-medier-paa-fgu-roskilde-lejre\/","og_site_name":"FGU-Skolen &Oslash;st","article_modified_time":"2025-08-26T08:59:35+00:00","og_image":[{"width":599,"height":568,"url":"https:\/\/fgu-skolen.dk\/wp-content\/uploads\/2025\/08\/Jon_Grafisk_Design.jpg","type":"image\/jpeg"}],"twitter_card":"summary_large_image","twitter_misc":{"Estimeret l\u00e6setid":"1 minut"},"schema":{"@context":"https:\/\/schema.org","@graph":[{"@type":"WebPage","@id":"https:\/\/fgu-skolen.dk\/index.php\/grafisk-design-kommunikation-og-medier-paa-fgu-roskilde-lejre\/","url":"https:\/\/fgu-skolen.dk\/index.php\/grafisk-design-kommunikation-og-medier-paa-fgu-roskilde-lejre\/","name":"Grafisk Design - Kommunikation og medier p\u00e5 FGU Roskilde Lejre - FGU-Skolen &Oslash;st","isPartOf":{"@id":"https:\/\/fgu-skolen.dk\/#website"},"primaryImageOfPage":{"@id":"https:\/\/fgu-skolen.dk\/index.php\/grafisk-design-kommunikation-og-medier-paa-fgu-roskilde-lejre\/#primaryimage"},"image":{"@id":"https:\/\/fgu-skolen.dk\/index.php\/grafisk-design-kommunikation-og-medier-paa-fgu-roskilde-lejre\/#primaryimage"},"thumbnailUrl":"https:\/\/fgu-skolen.dk\/wp-content\/uploads\/2025\/08\/Jon_Grafisk_Design.jpg","datePublished":"2021-02-23T19:07:03+00:00","dateModified":"2025-08-26T08:59:35+00:00","breadcrumb":{"@id":"https:\/\/fgu-skolen.dk\/index.php\/grafisk-design-kommunikation-og-medier-paa-fgu-roskilde-lejre\/#breadcrumb"},"inLanguage":"da-DK","potentialAction":[{"@type":"ReadAction","target":["https:\/\/fgu-skolen.dk\/index.php\/grafisk-design-kommunikation-og-medier-paa-fgu-roskilde-lejre\/"]}]},{"@type":"ImageObject","inLanguage":"da-DK","@id":"https:\/\/fgu-skolen.dk\/index.php\/grafisk-design-kommunikation-og-medier-paa-fgu-roskilde-lejre\/#primaryimage","url":"https:\/\/fgu-skolen.dk\/wp-content\/uploads\/2025\/08\/Jon_Grafisk_Design.jpg","contentUrl":"https:\/\/fgu-skolen.dk\/wp-content\/uploads\/2025\/08\/Jon_Grafisk_Design.jpg","width":599,"height":568},{"@type":"BreadcrumbList","@id":"https:\/\/fgu-skolen.dk\/index.php\/grafisk-design-kommunikation-og-medier-paa-fgu-roskilde-lejre\/#breadcrumb","itemListElement":[{"@type":"ListItem","position":1,"name":"Hjem","item":"https:\/\/fgu-skolen.dk\/"},{"@type":"ListItem","position":2,"name":"Grafisk Design &#8211; Kommunikation og medier p\u00e5 FGU Roskilde Lejre"}]},{"@type":"WebSite","@id":"https:\/\/fgu-skolen.dk\/#website","url":"https:\/\/fgu-skolen.dk\/","name":"FGU-Skolen &Oslash;st","description":"","publisher":{"@id":"https:\/\/fgu-skolen.dk\/#organization"},"potentialAction":[{"@type":"SearchAction","target":{"@type":"EntryPoint","urlTemplate":"https:\/\/fgu-skolen.dk\/?s={search_term_string}"},"query-input":{"@type":"PropertyValueSpecification","valueRequired":true,"valueName":"search_term_string"}}],"inLanguage":"da-DK"},{"@type":"Organization","@id":"https:\/\/fgu-skolen.dk\/#organization","name":"FGU-Skolen &Oslash;st","url":"https:\/\/fgu-skolen.dk\/","logo":{"@type":"ImageObject","inLanguage":"da-DK","@id":"https:\/\/fgu-skolen.dk\/#\/schema\/logo\/image\/","url":"https:\/\/fgu-skolen.dk\/wp-content\/uploads\/2021\/02\/cropped-cropped-Logo_FGU-Skolen-Oest-002.png","contentUrl":"https:\/\/fgu-skolen.dk\/wp-content\/uploads\/2021\/02\/cropped-cropped-Logo_FGU-Skolen-Oest-002.png","width":945,"height":650,"caption":"FGU-Skolen &Oslash;st"},"image":{"@id":"https:\/\/fgu-skolen.dk\/#\/schema\/logo\/image\/"}}]}},"_links":{"self":[{"href":"https:\/\/fgu-skolen.dk\/index.php\/wp-json\/wp\/v2\/pages\/3975","targetHints":{"allow":["GET"]}}],"collection":[{"href":"https:\/\/fgu-skolen.dk\/index.php\/wp-json\/wp\/v2\/pages"}],"about":[{"href":"https:\/\/fgu-skolen.dk\/index.php\/wp-json\/wp\/v2\/types\/page"}],"author":[{"embeddable":true,"href":"https:\/\/fgu-skolen.dk\/index.php\/wp-json\/wp\/v2\/users\/5"}],"replies":[{"embeddable":true,"href":"https:\/\/fgu-skolen.dk\/index.php\/wp-json\/wp\/v2\/comments?post=3975"}],"version-history":[{"count":20,"href":"https:\/\/fgu-skolen.dk\/index.php\/wp-json\/wp\/v2\/pages\/3975\/revisions"}],"predecessor-version":[{"id":17626,"href":"https:\/\/fgu-skolen.dk\/index.php\/wp-json\/wp\/v2\/pages\/3975\/revisions\/17626"}],"wp:attachment":[{"href":"https:\/\/fgu-skolen.dk\/index.php\/wp-json\/wp\/v2\/media?parent=3975"}],"curies":[{"name":"wp","href":"https:\/\/api.w.org\/{rel}","templated":true}]}}