{"id":1860,"date":"2021-02-09T10:21:22","date_gmt":"2021-02-09T10:21:22","guid":{"rendered":"http:\/\/ny.fguit.dk\/?page_id=1860"},"modified":"2026-04-15T11:44:50","modified_gmt":"2026-04-15T11:44:50","slug":"ledige-stillinger","status":"publish","type":"page","link":"https:\/\/fgu-skolen.dk\/index.php\/ledige-stillinger\/","title":{"rendered":"Ledige stillinger"},"content":{"rendered":"<div data-colibri-id=\"1860-c1\" class=\"style-2124 style-local-1860-c1 position-relative\">\n  <!---->\n  <div data-colibri-component=\"section\" data-colibri-id=\"1860-c2\" id=\"custom\" class=\"h-section h-section-global-spacing d-flex align-items-lg-center align-items-md-center align-items-center style-3658 style-local-1860-c2 position-relative\">\n    <!---->\n    <!---->\n    <div class=\"h-section-grid-container h-section-boxed-container\">\n      <!---->\n      <div data-colibri-id=\"1860-c3\" class=\"h-row-container gutters-row-lg-2 gutters-row-md-2 gutters-row-0 gutters-row-v-lg-2 gutters-row-v-md-2 gutters-row-v-2 style-3673 style-local-1860-c3 position-relative\">\n        <!---->\n        <div class=\"h-row justify-content-lg-center justify-content-md-center justify-content-center align-items-lg-stretch align-items-md-stretch align-items-stretch gutters-col-lg-2 gutters-col-md-2 gutters-col-0 gutters-col-v-lg-2 gutters-col-v-md-2 gutters-col-v-2\">\n          <!---->\n          <div class=\"h-column h-column-container d-flex h-col-lg-auto h-col-md-auto h-col-auto style-3674-outer style-local-1860-c4-outer\">\n            <div data-colibri-id=\"1860-c4\" class=\"d-flex h-flex-basis h-column__inner h-px-lg-2 h-px-md-2 h-px-2 v-inner-lg-2 v-inner-md-2 v-inner-2 style-3674 style-local-1860-c4 position-relative\">\n              <!---->\n              <!---->\n              <div class=\"w-100 h-y-container h-column__content h-column__v-align flex-basis-100 align-self-lg-start align-self-md-start align-self-start\">\n                <!---->\n                <div data-colibri-id=\"1860-c5\" class=\"h-text h-text-component style-3810 style-local-1860-c5 position-relative h-element\">\n                  <!---->\n                  <!---->\n                  <div class=\"\">\n                    <h3>FGU-Skolen \u00d8st s\u00f8ger en erfaren \u00d8konomi- og administrationschef<\/h3>\n                    <p>\n                      <a href=\"https:\/\/fgu-skolen.dk\/wp-content\/uploads\/2026\/04\/Stillingsannonce-Oekonomi-og-administrationschef-FGU-Skolen-Oest-april-2026_genopslag.pdf\" style=\"color: rgb(0, 102, 204); font-size: 16px; font-weight: 400; font-family: Lato;\"\n                        target=\"_blank\">Stillingsopslag &#8211; \u00f8konomi og administrationschef<\/a>\n                    <\/p>\n                    <p>\n                      <a href=\"https:\/\/fgu-skolen.dk\/wp-content\/uploads\/2026\/03\/Funktionsbeskrivelse-Oekonomi-og-administrationschef_marts2026.pdf\" class=\"customize-unpreviewable\" draggable=\"false\">Funktionsbeskrivelse &#8211; \u00d8konomi- og administrationschef<\/a>\n                    <\/p>\n                    <p>\n                      <a href=\"https:\/\/fgu-skolen.dk\/wp-content\/uploads\/2026\/03\/FGU-skolen-Oest-Kodeks-for-God-Ledelse_revideret-udgave_marts-2026.pdf\" class=\"customize-unpreviewable\" draggable=\"false\">FGU skolen \u00d8st Kodeks for God Ledelse<\/a>\n                    <\/p>\n                  <\/div>\n                <\/div>\n              <\/div>\n            <\/div>\n          <\/div>\n        <\/div>\n      <\/div>\n    <\/div>\n  <\/div>\n  <div data-colibri-component=\"section\" data-colibri-id=\"1860-c6\" id=\"custom-2\" class=\"h-section h-section-global-spacing d-flex align-items-lg-center align-items-md-center align-items-center style-3705 style-local-1860-c6 position-relative\">\n    <!---->\n    <!---->\n    <div class=\"h-section-grid-container h-section-boxed-container\">\n      <!---->\n      <div data-colibri-id=\"1860-c7\" class=\"h-row-container gutters-row-lg-2 gutters-row-md-2 gutters-row-0 gutters-row-v-lg-2 gutters-row-v-md-2 gutters-row-v-2 style-3706 style-local-1860-c7 position-relative\">\n        <!---->\n        <div class=\"h-row justify-content-lg-center justify-content-md-center justify-content-center align-items-lg-stretch align-items-md-stretch align-items-stretch gutters-col-lg-2 gutters-col-md-2 gutters-col-0 gutters-col-v-lg-2 gutters-col-v-md-2 gutters-col-v-2\">\n          <!---->\n          <div class=\"h-column h-column-container d-flex h-col-lg-auto h-col-md-auto h-col-auto style-3707-outer style-local-1860-c8-outer\">\n            <div data-colibri-id=\"1860-c8\" class=\"d-flex h-flex-basis h-column__inner h-ui-empty-state-container h-px-lg-2 h-px-md-2 h-px-2 v-inner-lg-2 v-inner-md-2 v-inner-2 style-3707 style-local-1860-c8 position-relative\">\n              <!---->\n              <!---->\n              <div class=\"w-100 h-y-container h-column__content h-column__v-align flex-basis-100\">\n                <!---->\n              <\/div>\n            <\/div>\n          <\/div>\n        <\/div>\n      <\/div>\n    <\/div>\n  <\/div>\n<\/div>","protected":false},"excerpt":{"rendered":"<p>FGU-Skolen \u00d8st s\u00f8ger en erfaren \u00d8konomi- og administrationschef Stillingsopslag &#8211; \u00f8konomi og administrationschef Funktionsbeskrivelse &#8211; \u00d8konomi- og administrationschef FGU skolen \u00d8st Kodeks for God Ledelse<\/p>\n","protected":false},"author":1,"featured_media":0,"parent":0,"menu_order":0,"comment_status":"closed","ping_status":"closed","template":"page-templates\/full-width-page.php","meta":{"_mo_disable_npp":"","h5ap_radio_sources":[],"footnotes":""},"class_list":["post-1860","page","type-page","status-publish","hentry"],"yoast_head":"<!-- This site is optimized with the Yoast SEO plugin v27.2 - https:\/\/yoast.com\/product\/yoast-seo-wordpress\/ -->\n<title>Ledige stillinger - FGU-Skolen &Oslash;st<\/title>\n<meta name=\"robots\" content=\"index, follow, max-snippet:-1, max-image-preview:large, max-video-preview:-1\" \/>\n<link rel=\"canonical\" href=\"https:\/\/fgu-skolen.dk\/index.php\/ledige-stillinger\/\" \/>\n<meta property=\"og:locale\" content=\"da_DK\" \/>\n<meta property=\"og:type\" content=\"article\" \/>\n<meta property=\"og:title\" content=\"Ledige stillinger - FGU-Skolen &Oslash;st\" \/>\n<meta property=\"og:description\" content=\"FGU-Skolen \u00d8st s\u00f8ger en erfaren \u00d8konomi- og administrationschef Stillingsopslag &#8211; \u00f8konomi og administrationschef Funktionsbeskrivelse &#8211; \u00d8konomi- og administrationschef FGU skolen \u00d8st Kodeks for God Ledelse\" \/>\n<meta property=\"og:url\" content=\"https:\/\/fgu-skolen.dk\/index.php\/ledige-stillinger\/\" \/>\n<meta property=\"og:site_name\" content=\"FGU-Skolen &Oslash;st\" \/>\n<meta property=\"article:modified_time\" content=\"2026-04-15T11:44:50+00:00\" \/>\n<meta name=\"twitter:card\" content=\"summary_large_image\" \/>\n<meta name=\"twitter:label1\" content=\"Estimeret l\u00e6setid\" \/>\n\t<meta name=\"twitter:data1\" content=\"1 minut\" \/>\n<script type=\"application\/ld+json\" class=\"yoast-schema-graph\">{\"@context\":\"https:\/\/schema.org\",\"@graph\":[{\"@type\":\"WebPage\",\"@id\":\"https:\/\/fgu-skolen.dk\/index.php\/ledige-stillinger\/\",\"url\":\"https:\/\/fgu-skolen.dk\/index.php\/ledige-stillinger\/\",\"name\":\"Ledige stillinger - FGU-Skolen &Oslash;st\",\"isPartOf\":{\"@id\":\"https:\/\/fgu-skolen.dk\/#website\"},\"datePublished\":\"2021-02-09T10:21:22+00:00\",\"dateModified\":\"2026-04-15T11:44:50+00:00\",\"breadcrumb\":{\"@id\":\"https:\/\/fgu-skolen.dk\/index.php\/ledige-stillinger\/#breadcrumb\"},\"inLanguage\":\"da-DK\",\"potentialAction\":[{\"@type\":\"ReadAction\",\"target\":[\"https:\/\/fgu-skolen.dk\/index.php\/ledige-stillinger\/\"]}]},{\"@type\":\"BreadcrumbList\",\"@id\":\"https:\/\/fgu-skolen.dk\/index.php\/ledige-stillinger\/#breadcrumb\",\"itemListElement\":[{\"@type\":\"ListItem\",\"position\":1,\"name\":\"Hjem\",\"item\":\"https:\/\/fgu-skolen.dk\/\"},{\"@type\":\"ListItem\",\"position\":2,\"name\":\"Ledige stillinger\"}]},{\"@type\":\"WebSite\",\"@id\":\"https:\/\/fgu-skolen.dk\/#website\",\"url\":\"https:\/\/fgu-skolen.dk\/\",\"name\":\"FGU-Skolen &Oslash;st\",\"description\":\"\",\"publisher\":{\"@id\":\"https:\/\/fgu-skolen.dk\/#organization\"},\"potentialAction\":[{\"@type\":\"SearchAction\",\"target\":{\"@type\":\"EntryPoint\",\"urlTemplate\":\"https:\/\/fgu-skolen.dk\/?s={search_term_string}\"},\"query-input\":{\"@type\":\"PropertyValueSpecification\",\"valueRequired\":true,\"valueName\":\"search_term_string\"}}],\"inLanguage\":\"da-DK\"},{\"@type\":\"Organization\",\"@id\":\"https:\/\/fgu-skolen.dk\/#organization\",\"name\":\"FGU-Skolen &Oslash;st\",\"url\":\"https:\/\/fgu-skolen.dk\/\",\"logo\":{\"@type\":\"ImageObject\",\"inLanguage\":\"da-DK\",\"@id\":\"https:\/\/fgu-skolen.dk\/#\/schema\/logo\/image\/\",\"url\":\"https:\/\/fgu-skolen.dk\/wp-content\/uploads\/2021\/02\/cropped-cropped-Logo_FGU-Skolen-Oest-002.png\",\"contentUrl\":\"https:\/\/fgu-skolen.dk\/wp-content\/uploads\/2021\/02\/cropped-cropped-Logo_FGU-Skolen-Oest-002.png\",\"width\":945,\"height\":650,\"caption\":\"FGU-Skolen &Oslash;st\"},\"image\":{\"@id\":\"https:\/\/fgu-skolen.dk\/#\/schema\/logo\/image\/\"}}]}<\/script>\n<!-- \/ Yoast SEO plugin. -->","yoast_head_json":{"title":"Ledige stillinger - FGU-Skolen &Oslash;st","robots":{"index":"index","follow":"follow","max-snippet":"max-snippet:-1","max-image-preview":"max-image-preview:large","max-video-preview":"max-video-preview:-1"},"canonical":"https:\/\/fgu-skolen.dk\/index.php\/ledige-stillinger\/","og_locale":"da_DK","og_type":"article","og_title":"Ledige stillinger - FGU-Skolen &Oslash;st","og_description":"FGU-Skolen \u00d8st s\u00f8ger en erfaren \u00d8konomi- og administrationschef Stillingsopslag &#8211; \u00f8konomi og administrationschef Funktionsbeskrivelse &#8211; \u00d8konomi- og administrationschef FGU skolen \u00d8st Kodeks for God Ledelse","og_url":"https:\/\/fgu-skolen.dk\/index.php\/ledige-stillinger\/","og_site_name":"FGU-Skolen &Oslash;st","article_modified_time":"2026-04-15T11:44:50+00:00","twitter_card":"summary_large_image","twitter_misc":{"Estimeret l\u00e6setid":"1 minut"},"schema":{"@context":"https:\/\/schema.org","@graph":[{"@type":"WebPage","@id":"https:\/\/fgu-skolen.dk\/index.php\/ledige-stillinger\/","url":"https:\/\/fgu-skolen.dk\/index.php\/ledige-stillinger\/","name":"Ledige stillinger - FGU-Skolen &Oslash;st","isPartOf":{"@id":"https:\/\/fgu-skolen.dk\/#website"},"datePublished":"2021-02-09T10:21:22+00:00","dateModified":"2026-04-15T11:44:50+00:00","breadcrumb":{"@id":"https:\/\/fgu-skolen.dk\/index.php\/ledige-stillinger\/#breadcrumb"},"inLanguage":"da-DK","potentialAction":[{"@type":"ReadAction","target":["https:\/\/fgu-skolen.dk\/index.php\/ledige-stillinger\/"]}]},{"@type":"BreadcrumbList","@id":"https:\/\/fgu-skolen.dk\/index.php\/ledige-stillinger\/#breadcrumb","itemListElement":[{"@type":"ListItem","position":1,"name":"Hjem","item":"https:\/\/fgu-skolen.dk\/"},{"@type":"ListItem","position":2,"name":"Ledige stillinger"}]},{"@type":"WebSite","@id":"https:\/\/fgu-skolen.dk\/#website","url":"https:\/\/fgu-skolen.dk\/","name":"FGU-Skolen &Oslash;st","description":"","publisher":{"@id":"https:\/\/fgu-skolen.dk\/#organization"},"potentialAction":[{"@type":"SearchAction","target":{"@type":"EntryPoint","urlTemplate":"https:\/\/fgu-skolen.dk\/?s={search_term_string}"},"query-input":{"@type":"PropertyValueSpecification","valueRequired":true,"valueName":"search_term_string"}}],"inLanguage":"da-DK"},{"@type":"Organization","@id":"https:\/\/fgu-skolen.dk\/#organization","name":"FGU-Skolen &Oslash;st","url":"https:\/\/fgu-skolen.dk\/","logo":{"@type":"ImageObject","inLanguage":"da-DK","@id":"https:\/\/fgu-skolen.dk\/#\/schema\/logo\/image\/","url":"https:\/\/fgu-skolen.dk\/wp-content\/uploads\/2021\/02\/cropped-cropped-Logo_FGU-Skolen-Oest-002.png","contentUrl":"https:\/\/fgu-skolen.dk\/wp-content\/uploads\/2021\/02\/cropped-cropped-Logo_FGU-Skolen-Oest-002.png","width":945,"height":650,"caption":"FGU-Skolen &Oslash;st"},"image":{"@id":"https:\/\/fgu-skolen.dk\/#\/schema\/logo\/image\/"}}]}},"_links":{"self":[{"href":"https:\/\/fgu-skolen.dk\/index.php\/wp-json\/wp\/v2\/pages\/1860","targetHints":{"allow":["GET"]}}],"collection":[{"href":"https:\/\/fgu-skolen.dk\/index.php\/wp-json\/wp\/v2\/pages"}],"about":[{"href":"https:\/\/fgu-skolen.dk\/index.php\/wp-json\/wp\/v2\/types\/page"}],"author":[{"embeddable":true,"href":"https:\/\/fgu-skolen.dk\/index.php\/wp-json\/wp\/v2\/users\/1"}],"replies":[{"embeddable":true,"href":"https:\/\/fgu-skolen.dk\/index.php\/wp-json\/wp\/v2\/comments?post=1860"}],"version-history":[{"count":20,"href":"https:\/\/fgu-skolen.dk\/index.php\/wp-json\/wp\/v2\/pages\/1860\/revisions"}],"predecessor-version":[{"id":18823,"href":"https:\/\/fgu-skolen.dk\/index.php\/wp-json\/wp\/v2\/pages\/1860\/revisions\/18823"}],"wp:attachment":[{"href":"https:\/\/fgu-skolen.dk\/index.php\/wp-json\/wp\/v2\/media?parent=1860"}],"curies":[{"name":"wp","href":"https:\/\/api.w.org\/{rel}","templated":true}]}}