{"id":1854,"date":"2021-02-09T10:20:53","date_gmt":"2021-02-09T10:20:53","guid":{"rendered":"http:\/\/ny.fguit.dk\/?page_id=1854"},"modified":"2024-12-18T12:14:38","modified_gmt":"2024-12-18T12:14:38","slug":"persondatapolitik","status":"publish","type":"page","link":"https:\/\/fgu-skolen.dk\/index.php\/persondatapolitik\/","title":{"rendered":"Persondatapolitik"},"content":{"rendered":"<div data-colibri-id=\"1854-c1\" class=\"style-2720 style-local-1854-c1 position-relative\">\n  <!---->\n  <div data-colibri-component=\"section\" data-colibri-id=\"1854-c2\" id=\"custom\" class=\"h-section h-section-global-spacing d-flex align-items-lg-center align-items-md-center align-items-center style-2721 style-local-1854-c2 position-relative\">\n    <!---->\n    <!---->\n    <div class=\"h-section-grid-container h-section-boxed-container\">\n      <!---->\n      <div data-colibri-id=\"1854-c6\" class=\"h-row-container gutters-row-lg-2 gutters-row-md-2 gutters-row-0 gutters-row-v-lg-2 gutters-row-v-md-2 gutters-row-v-2 style-3770 style-local-1854-c6 position-relative\">\n        <!---->\n        <div class=\"h-row justify-content-lg-center justify-content-md-center justify-content-center align-items-lg-stretch align-items-md-stretch align-items-stretch gutters-col-lg-2 gutters-col-md-2 gutters-col-0 gutters-col-v-lg-2 gutters-col-v-md-2 gutters-col-v-2\">\n          <!---->\n          <div class=\"h-column h-column-container d-flex h-col-lg-auto h-col-md-auto h-col-auto style-3771-outer style-local-1854-c7-outer\">\n            <div data-colibri-id=\"1854-c7\" class=\"d-flex h-flex-basis h-column__inner h-px-lg-2 h-px-md-2 h-px-2 v-inner-lg-2 v-inner-md-2 v-inner-2 style-3771 style-local-1854-c7 position-relative\">\n              <!---->\n              <!---->\n              <div class=\"w-100 h-y-container h-column__content h-column__v-align flex-basis-100 align-self-lg-start align-self-md-start align-self-start\">\n                <!---->\n                <div data-colibri-id=\"1854-c8\" class=\"h-text h-text-component style-3772 style-local-1854-c8 position-relative h-element\">\n                  <!---->\n                  <!---->\n                  <div class=\"\">\n                    <p>\n                      <br>\n                    <\/p>\n                    <p><strong>Underretning om indsamling af personoplysninger<\/strong><\/p>\n                    <p>I forbindelse med din optagelse som elev hos FGU-SKOLEN \u00d8ST modtager vi oplysninger om dig. Efter databeskyttelsesforordningens artikel 13 og 14, skal vi p\u00e5 baggrund heraf sende dig en underretning for at orientere dig om, at vi modtager\n                      oplysninger om dig.<\/p>\n                    <p>Oplysninger om vores behandling af dine personoplysninger mv.<\/p>\n                    <p>FGU-Skolen \u00d8st er dataansvarlig for behandlingen af de personoplysninger, som vi har modtaget om dig. Du finder vores og databeskyttelsesr\u00e5dgivers oplysninger nedenfor:<\/p>\n                    <p>FGU-Skolen \u00d8st,&nbsp;&nbsp;&nbsp;&nbsp;&nbsp;&nbsp;&nbsp;&nbsp;&nbsp;&nbsp;&nbsp;&nbsp;&nbsp;&nbsp;&nbsp;\n                      <br> Rugv\u00e6nget 7,\n                      <br> 2630 Taastrup.\n                      <br> CVR-nr.: 39816334\n                      <br> Tlf.nr.: 70 66 67 67\n                      <br> e-mail:&nbsp;\n                      <a href=\"mailto:fgu@fgu-skolen.dk\">fgu@fgu-skolen.dk<\/a><strong><br> <br> <\/strong><\/p>\n                    <p><strong>Vi behandler dine personoplysninger til f\u00f8lgende form\u00e5l:<br> \u2022&nbsp;<\/strong>Optagelse som elev<strong><br> \u2022&nbsp;<\/strong>M\u00e5lgruppevurdering<strong><br> \u2022&nbsp;<\/strong>Uddannelsesplan<strong><br> \u2022&nbsp;<\/strong>Bop\u00e6lserkl\u00e6ring<strong><br> \u2022&nbsp;<\/strong>F\u00f8lsomme\n                      oplysninger, der er relevante for din dagligdag p\u00e5 skolen.<strong><br> \u2022&nbsp;<\/strong>Herunder f.eks. Helbredsoplysninger og religi\u00f8s overbevisning\n                      <br>\n                      <br>\n                      <br>\n                    <\/p>\n                    <p>&nbsp;<strong>Din dagligdag p\u00e5 skolen omfattende bl.a.<br> \u2022&nbsp;<\/strong>Sygefrav\u00e6r<strong><br> \u2022&nbsp;<\/strong>Uddannelsesbeviser<strong><br> \u2022&nbsp;<\/strong>Advarsler og sanktioner<strong><br> \u2022&nbsp;<\/strong>Forl\u00f8bsplaner<strong><br> \u2022&nbsp;<\/strong>Resultater\n                      af test<strong><br> \u2022&nbsp;<\/strong>Kopi af k\u00f8rekort, hvis du skal v\u00e6re chauff\u00f8r i skolens biler<strong><br> \u2022&nbsp;<\/strong>Udl\u00e5n af udstyr&nbsp;<strong>\u2022&nbsp;<\/strong>Samtykke ved anvendelse af fotos, hvor du optr\u00e6der<strong><br> \u2022&nbsp;<\/strong>Aftaler\n                      i forbindelse med virksomhedspraktik og erhvervstr\u00e6ning<strong><br> \u2022&nbsp;<\/strong>Helbredsoplysninger i forbindelse med en evt. arbejdsskade<strong><br> \u2022&nbsp;<\/strong>Screening af dine faglige kompetencer<strong><br> \u2022&nbsp;<\/strong>Oplysninger\n                      vedr. skat og andre fradrag i l\u00f8n\/skoleydelse<strong><br> \u2022&nbsp;<\/strong>Arbejdsmilj\u00f8 og sikkerhed<strong><br> \u2022&nbsp;<\/strong>L\u00f8n\/skoleydelse\n                      <br>\n                      <br>\n                    <\/p>\n                    <p><strong>Retsgrundlaget<\/strong>&nbsp;for vores behandling af dine personoplysninger f\u00f8lger af:<\/p>\n                    <p><strong>\u2022&nbsp;<\/strong>Bekendtg\u00f8relse om kommunal ungeindsats for unge under 25 \u00e5r, LBK825.<strong><br> \u2022&nbsp;<\/strong>Bek 2019-04-26 nr. 479 om institutioner for forberedende grunduddannelse mv.\u00a7 19, stk. 3<strong><br> \u2022&nbsp;<\/strong>Bek\n                      2014-01-16 nr. 41 om pr\u00f8ver og eksamen i grundl\u00e6ggende erhvervsrettede uddannelser \u00a7 33, stk. 2<strong><br> \u2022&nbsp;<\/strong>Lov om social service \u00a7153 Bek. Om underretningspligt overfor kommunen efter lov om social service BEK 1466\n                      af 16.12.2010<strong><br> \u2022&nbsp;<\/strong>Bekendtg\u00f8relse af lov om erhvervs- og grunduddannelser LBK 738 af 20-06-2016<strong><br> \u2022&nbsp;<\/strong>Institutionsloven, Lov om forberedende grunduddannelse LBK 604 \u00a746<strong><br> \u2022&nbsp;<\/strong>Bekendtg\u00f8relsen\n                      om forberedende grunduddannelse vedr. ordens- og samv\u00e6rsregler<strong><br> \u2022&nbsp;<\/strong>Bekendtg\u00f8relse af lov om forberedende grunduddannelse LBK 606 af 24.052019<strong><br> \u2022&nbsp;<\/strong>Forvaltningsloven<strong><br> \u2022&nbsp;<\/strong>Offentlighedsloven<strong><br> \u2022&nbsp;<\/strong>Relevante\n                      bestemmelser, hvis behandlingen er baseret p\u00e5 databeskyttelsesforordningen eller -loven, eks. Databeskyttelsesforordningen artikel 6, stk. 1, litra b.&nbsp;<\/p>\n                    <p>Vi behandler f\u00f8lgende&nbsp;<strong>kategorier af personoplysninger<\/strong>&nbsp;om dig, der kan omfatte f\u00f8lgende, n\u00e5r de er relevante og har et sagligt form\u00e5l, samt en lovligt grundlag:<strong><br> \u2022&nbsp;<\/strong>Almindelige personoplysninger<strong><br> \u2022&nbsp;<\/strong>Navn,\n                      adresse, telefonnummer, mailadresse osv.<strong><br> \u2022&nbsp;<\/strong>CPR-nummer&nbsp;<strong>\u2022&nbsp;<\/strong>Faglige kompetencer<strong><br> \u2022&nbsp;<\/strong>Oplysninger om straffedomme og lovovertr\u00e6delser<strong><br> \u2022&nbsp;<\/strong>Straffeattest<strong><br> \u2022&nbsp;<\/strong>S\u00e6rlige\n                      kategorier af personoplysninger (\u201df\u00f8lsomme personoplysninger\u201d)<strong><br> \u2022&nbsp;<\/strong>Helbredsoplysninger etc.<\/p>\n                    <p>Vi&nbsp;<strong>videregiver<\/strong>&nbsp;eller&nbsp;<strong>overlader<\/strong>&nbsp;dine personoplysninger til f\u00f8lgende modtagere:<strong><br> \u2022&nbsp;<\/strong>Kommune<strong><br> \u2022&nbsp;<\/strong>Politi<strong><br> \u2022&nbsp;<\/strong>Skat<strong><br> \u2022&nbsp;<\/strong>Undervisningsministeriet\n                      og andre offentlige myndigheder.\n                      <br>\n                      <br> Dine personoplysninger er indhentet fra KUI (Den Kommunale Ungeindsats) og dig selv.\n                      <br> Dine personoplysninger vil blive<strong>&nbsp;opbevaret<\/strong>, s\u00e5 l\u00e6nge dette er n\u00f8dvendigt i forhold til opfyldelse af det form\u00e5l, hvortil de er indsamlet.\n                      <br> Dine eksamens- og kursusbeviser opbevares i 30 \u00e5r.\n                      <br> Data vedr\u00f8rende dit uddannelsesforl\u00f8b vil blive opbevaret i 5 \u00e5r efter din afgang, medmindre andet f\u00f8lger af g\u00e6ldende lovgivning.<\/p>\n                    <p>\n                      <br>\n                    <\/p>\n                    <p><strong>Dine rettigheder<\/strong><\/p>\n                    <p>Du har efter databeskyttelsesforordningens artikel 15 \u2013 18 og 20 &#8211; 21 en r\u00e6kke rettigheder i forhold til vores behandling af oplysninger om dig.&nbsp;<strong>\u2022&nbsp;<\/strong>Ret til at f\u00e5 indsigt i dine oplysninger.&nbsp;<strong>\u2022&nbsp;<\/strong>Ret\n                      til berigtigelse af dine oplysninger.&nbsp;<strong>\u2022&nbsp;<\/strong>Ret til at f\u00e5 slettet oplysninger om dig.&nbsp;<strong>\u2022&nbsp;<\/strong>Ret til at f\u00e5 begr\u00e6nset behandlingen af dine oplysninger.&nbsp;<strong>\u2022&nbsp;<\/strong>Ret\n                      til indsigelse mod behandling af dine personoplysninger.&nbsp;<strong>\u2022&nbsp;<\/strong>Ret til at modtage dine personoplysninger (dataportabilitet).<\/p>\n                    <p>\n                      <br>\n                    <\/p>\n                    <p><strong>Samtykke<\/strong><\/p>\n                    <p>Du har til enhver tid ret til at tr\u00e6kke dit samtykke tilbage. Hvis du v\u00e6lger at tr\u00e6kke dit samtykke tilbage, p\u00e5virker det ikke lovligheden af vores behandling af dine personoplysninger p\u00e5 baggrund af dit tidligere meddelte samtykke\n                      og op til tidspunktet for tilbagetr\u00e6kningen. Hvis du tilbagetr\u00e6kker dit samtykke, har det derfor f\u00f8rst virkning fra dette tidspunkt. Er et samtykke n\u00f8dvendigt for din deltagelse i en specifik aktivitet, vil en tilbagetr\u00e6kning betyde,\n                      at du derved mister muligheden for lovligt at kunne forts\u00e6tte din deltagelse i den p\u00e5g\u00e6ldende aktivitet.<\/p>\n                    <p>\n                      <br>\n                    <\/p>\n                    <p><strong>Klageadgang<\/strong><\/p>\n                    <p>Du har ret til at indgive en klage til Datatilsynet, hvis du er utilfreds med den m\u00e5de, vi behandler dine personoplysninger p\u00e5. Du finder Datatilsynets kontaktoplysninger p\u00e5 www.datatilsynet.dk. Har du sp\u00f8rgsm\u00e5l, er du meget velkommen\n                      til at kontakte os.&nbsp;<\/p>\n                    <p>Med venlig hilsen<\/p>\n                    <p><strong>Peter Veileborg<\/strong><\/p>\n                    <p>IT-Koordinator for FGU-Skolen \u00d8st&nbsp;H\u00f8je-Taastrup, Greve, Solr\u00f8d, Roskilde og Lejre&nbsp;&nbsp;&nbsp;Telefon&nbsp;\n                      <a href=\"mailto:23907000\">23907000<\/a>&nbsp;Mail&nbsp;\n                      <a href=\"mailto:pve@fgu-skolen.dk\">pve@fgu-skolen.dk<\/a>\n                    <\/p>\n                  <\/div>\n                <\/div>\n              <\/div>\n            <\/div>\n          <\/div>\n        <\/div>\n      <\/div>\n    <\/div>\n  <\/div>\n<\/div>","protected":false},"excerpt":{"rendered":"<p>Underretning om indsamling af personoplysninger I forbindelse med din optagelse som elev hos FGU-SKOLEN \u00d8ST modtager vi oplysninger om dig. Efter databeskyttelsesforordningens artikel 13 og 14, skal vi p\u00e5 baggrund heraf sende dig en underretning for at orientere dig om, at vi modtager oplysninger om dig. Oplysninger om vores behandling af dine personoplysninger mv. FGU-Skolen [&hellip;]<\/p>\n","protected":false},"author":1,"featured_media":0,"parent":0,"menu_order":0,"comment_status":"closed","ping_status":"closed","template":"page-templates\/full-width-page.php","meta":{"_mo_disable_npp":"","h5ap_radio_sources":[],"footnotes":""},"class_list":["post-1854","page","type-page","status-publish","hentry"],"yoast_head":"<!-- This site is optimized with the Yoast SEO plugin v27.2 - https:\/\/yoast.com\/product\/yoast-seo-wordpress\/ -->\n<title>Persondatapolitik - FGU-Skolen &Oslash;st<\/title>\n<meta name=\"robots\" content=\"index, follow, max-snippet:-1, max-image-preview:large, max-video-preview:-1\" \/>\n<link rel=\"canonical\" href=\"https:\/\/fgu-skolen.dk\/index.php\/persondatapolitik\/\" \/>\n<meta property=\"og:locale\" content=\"da_DK\" \/>\n<meta property=\"og:type\" content=\"article\" \/>\n<meta property=\"og:title\" content=\"Persondatapolitik - FGU-Skolen &Oslash;st\" \/>\n<meta property=\"og:description\" content=\"Underretning om indsamling af personoplysninger I forbindelse med din optagelse som elev hos FGU-SKOLEN \u00d8ST modtager vi oplysninger om dig. Efter databeskyttelsesforordningens artikel 13 og 14, skal vi p\u00e5 baggrund heraf sende dig en underretning for at orientere dig om, at vi modtager oplysninger om dig. Oplysninger om vores behandling af dine personoplysninger mv. FGU-Skolen [&hellip;]\" \/>\n<meta property=\"og:url\" content=\"https:\/\/fgu-skolen.dk\/index.php\/persondatapolitik\/\" \/>\n<meta property=\"og:site_name\" content=\"FGU-Skolen &Oslash;st\" \/>\n<meta property=\"article:modified_time\" content=\"2024-12-18T12:14:38+00:00\" \/>\n<meta name=\"twitter:card\" content=\"summary_large_image\" \/>\n<meta name=\"twitter:label1\" content=\"Estimeret l\u00e6setid\" \/>\n\t<meta name=\"twitter:data1\" content=\"4 minutter\" \/>\n<script type=\"application\/ld+json\" class=\"yoast-schema-graph\">{\"@context\":\"https:\/\/schema.org\",\"@graph\":[{\"@type\":\"WebPage\",\"@id\":\"https:\/\/fgu-skolen.dk\/index.php\/persondatapolitik\/\",\"url\":\"https:\/\/fgu-skolen.dk\/index.php\/persondatapolitik\/\",\"name\":\"Persondatapolitik - FGU-Skolen &Oslash;st\",\"isPartOf\":{\"@id\":\"https:\/\/fgu-skolen.dk\/#website\"},\"datePublished\":\"2021-02-09T10:20:53+00:00\",\"dateModified\":\"2024-12-18T12:14:38+00:00\",\"breadcrumb\":{\"@id\":\"https:\/\/fgu-skolen.dk\/index.php\/persondatapolitik\/#breadcrumb\"},\"inLanguage\":\"da-DK\",\"potentialAction\":[{\"@type\":\"ReadAction\",\"target\":[\"https:\/\/fgu-skolen.dk\/index.php\/persondatapolitik\/\"]}]},{\"@type\":\"BreadcrumbList\",\"@id\":\"https:\/\/fgu-skolen.dk\/index.php\/persondatapolitik\/#breadcrumb\",\"itemListElement\":[{\"@type\":\"ListItem\",\"position\":1,\"name\":\"Hjem\",\"item\":\"https:\/\/fgu-skolen.dk\/\"},{\"@type\":\"ListItem\",\"position\":2,\"name\":\"Persondatapolitik\"}]},{\"@type\":\"WebSite\",\"@id\":\"https:\/\/fgu-skolen.dk\/#website\",\"url\":\"https:\/\/fgu-skolen.dk\/\",\"name\":\"FGU-Skolen &Oslash;st\",\"description\":\"\",\"publisher\":{\"@id\":\"https:\/\/fgu-skolen.dk\/#organization\"},\"potentialAction\":[{\"@type\":\"SearchAction\",\"target\":{\"@type\":\"EntryPoint\",\"urlTemplate\":\"https:\/\/fgu-skolen.dk\/?s={search_term_string}\"},\"query-input\":{\"@type\":\"PropertyValueSpecification\",\"valueRequired\":true,\"valueName\":\"search_term_string\"}}],\"inLanguage\":\"da-DK\"},{\"@type\":\"Organization\",\"@id\":\"https:\/\/fgu-skolen.dk\/#organization\",\"name\":\"FGU-Skolen &Oslash;st\",\"url\":\"https:\/\/fgu-skolen.dk\/\",\"logo\":{\"@type\":\"ImageObject\",\"inLanguage\":\"da-DK\",\"@id\":\"https:\/\/fgu-skolen.dk\/#\/schema\/logo\/image\/\",\"url\":\"https:\/\/fgu-skolen.dk\/wp-content\/uploads\/2021\/02\/cropped-cropped-Logo_FGU-Skolen-Oest-002.png\",\"contentUrl\":\"https:\/\/fgu-skolen.dk\/wp-content\/uploads\/2021\/02\/cropped-cropped-Logo_FGU-Skolen-Oest-002.png\",\"width\":945,\"height\":650,\"caption\":\"FGU-Skolen &Oslash;st\"},\"image\":{\"@id\":\"https:\/\/fgu-skolen.dk\/#\/schema\/logo\/image\/\"}}]}<\/script>\n<!-- \/ Yoast SEO plugin. -->","yoast_head_json":{"title":"Persondatapolitik - FGU-Skolen &Oslash;st","robots":{"index":"index","follow":"follow","max-snippet":"max-snippet:-1","max-image-preview":"max-image-preview:large","max-video-preview":"max-video-preview:-1"},"canonical":"https:\/\/fgu-skolen.dk\/index.php\/persondatapolitik\/","og_locale":"da_DK","og_type":"article","og_title":"Persondatapolitik - FGU-Skolen &Oslash;st","og_description":"Underretning om indsamling af personoplysninger I forbindelse med din optagelse som elev hos FGU-SKOLEN \u00d8ST modtager vi oplysninger om dig. Efter databeskyttelsesforordningens artikel 13 og 14, skal vi p\u00e5 baggrund heraf sende dig en underretning for at orientere dig om, at vi modtager oplysninger om dig. Oplysninger om vores behandling af dine personoplysninger mv. FGU-Skolen [&hellip;]","og_url":"https:\/\/fgu-skolen.dk\/index.php\/persondatapolitik\/","og_site_name":"FGU-Skolen &Oslash;st","article_modified_time":"2024-12-18T12:14:38+00:00","twitter_card":"summary_large_image","twitter_misc":{"Estimeret l\u00e6setid":"4 minutter"},"schema":{"@context":"https:\/\/schema.org","@graph":[{"@type":"WebPage","@id":"https:\/\/fgu-skolen.dk\/index.php\/persondatapolitik\/","url":"https:\/\/fgu-skolen.dk\/index.php\/persondatapolitik\/","name":"Persondatapolitik - FGU-Skolen &Oslash;st","isPartOf":{"@id":"https:\/\/fgu-skolen.dk\/#website"},"datePublished":"2021-02-09T10:20:53+00:00","dateModified":"2024-12-18T12:14:38+00:00","breadcrumb":{"@id":"https:\/\/fgu-skolen.dk\/index.php\/persondatapolitik\/#breadcrumb"},"inLanguage":"da-DK","potentialAction":[{"@type":"ReadAction","target":["https:\/\/fgu-skolen.dk\/index.php\/persondatapolitik\/"]}]},{"@type":"BreadcrumbList","@id":"https:\/\/fgu-skolen.dk\/index.php\/persondatapolitik\/#breadcrumb","itemListElement":[{"@type":"ListItem","position":1,"name":"Hjem","item":"https:\/\/fgu-skolen.dk\/"},{"@type":"ListItem","position":2,"name":"Persondatapolitik"}]},{"@type":"WebSite","@id":"https:\/\/fgu-skolen.dk\/#website","url":"https:\/\/fgu-skolen.dk\/","name":"FGU-Skolen &Oslash;st","description":"","publisher":{"@id":"https:\/\/fgu-skolen.dk\/#organization"},"potentialAction":[{"@type":"SearchAction","target":{"@type":"EntryPoint","urlTemplate":"https:\/\/fgu-skolen.dk\/?s={search_term_string}"},"query-input":{"@type":"PropertyValueSpecification","valueRequired":true,"valueName":"search_term_string"}}],"inLanguage":"da-DK"},{"@type":"Organization","@id":"https:\/\/fgu-skolen.dk\/#organization","name":"FGU-Skolen &Oslash;st","url":"https:\/\/fgu-skolen.dk\/","logo":{"@type":"ImageObject","inLanguage":"da-DK","@id":"https:\/\/fgu-skolen.dk\/#\/schema\/logo\/image\/","url":"https:\/\/fgu-skolen.dk\/wp-content\/uploads\/2021\/02\/cropped-cropped-Logo_FGU-Skolen-Oest-002.png","contentUrl":"https:\/\/fgu-skolen.dk\/wp-content\/uploads\/2021\/02\/cropped-cropped-Logo_FGU-Skolen-Oest-002.png","width":945,"height":650,"caption":"FGU-Skolen &Oslash;st"},"image":{"@id":"https:\/\/fgu-skolen.dk\/#\/schema\/logo\/image\/"}}]}},"_links":{"self":[{"href":"https:\/\/fgu-skolen.dk\/index.php\/wp-json\/wp\/v2\/pages\/1854","targetHints":{"allow":["GET"]}}],"collection":[{"href":"https:\/\/fgu-skolen.dk\/index.php\/wp-json\/wp\/v2\/pages"}],"about":[{"href":"https:\/\/fgu-skolen.dk\/index.php\/wp-json\/wp\/v2\/types\/page"}],"author":[{"embeddable":true,"href":"https:\/\/fgu-skolen.dk\/index.php\/wp-json\/wp\/v2\/users\/1"}],"replies":[{"embeddable":true,"href":"https:\/\/fgu-skolen.dk\/index.php\/wp-json\/wp\/v2\/comments?post=1854"}],"version-history":[{"count":3,"href":"https:\/\/fgu-skolen.dk\/index.php\/wp-json\/wp\/v2\/pages\/1854\/revisions"}],"predecessor-version":[{"id":13847,"href":"https:\/\/fgu-skolen.dk\/index.php\/wp-json\/wp\/v2\/pages\/1854\/revisions\/13847"}],"wp:attachment":[{"href":"https:\/\/fgu-skolen.dk\/index.php\/wp-json\/wp\/v2\/media?parent=1854"}],"curies":[{"name":"wp","href":"https:\/\/api.w.org\/{rel}","templated":true}]}}