{"id":1848,"date":"2021-02-09T10:20:19","date_gmt":"2021-02-09T10:20:19","guid":{"rendered":"http:\/\/ny.fguit.dk\/?page_id=1848"},"modified":"2023-11-03T06:58:07","modified_gmt":"2023-11-03T06:58:07","slug":"nyhedsbrev","status":"publish","type":"page","link":"https:\/\/fgu-skolen.dk\/index.php\/nyhedsbrev\/","title":{"rendered":"Nyhedsbrev"},"content":{"rendered":"<div data-colibri-id=\"1848-c1\" class=\"style-2760 style-local-1848-c1 position-relative\">\n  <!---->\n  <div data-colibri-component=\"section\" data-colibri-id=\"1848-c2\" id=\"custom\" class=\"h-section h-section-global-spacing d-flex align-items-lg-center align-items-md-center align-items-center style-2761 style-local-1848-c2 position-relative\">\n    <!---->\n    <!---->\n    <div class=\"h-section-grid-container h-section-boxed-container\">\n      <!---->\n      <div data-colibri-id=\"1848-c3\" class=\"h-row-container gutters-row-lg-2 gutters-row-md-2 gutters-row-0 gutters-row-v-lg-2 gutters-row-v-md-2 gutters-row-v-2 style-2762 style-local-1848-c3 position-relative\">\n        <!---->\n        <div class=\"h-row justify-content-lg-center justify-content-md-center justify-content-center align-items-lg-stretch align-items-md-stretch align-items-stretch gutters-col-lg-2 gutters-col-md-2 gutters-col-0 gutters-col-v-lg-2 gutters-col-v-md-2 gutters-col-v-2\">\n          <!---->\n          <div class=\"h-column h-column-container d-flex h-col-lg-auto h-col-md-auto h-col-auto style-2763-outer style-local-1848-c4-outer\">\n            <div data-colibri-id=\"1848-c4\" class=\"d-flex h-flex-basis h-column__inner h-px-lg-2 h-px-md-2 h-px-2 v-inner-lg-2 v-inner-md-2 v-inner-2 style-2763 style-local-1848-c4 position-relative\">\n              <!---->\n              <!---->\n              <div class=\"w-100 h-y-container h-column__content h-column__v-align flex-basis-100 align-self-lg-start align-self-md-start align-self-start\">\n                <!---->\n                <div data-colibri-id=\"1848-c5\" class=\"h-text h-text-component style-2765 style-local-1848-c5 position-relative h-element\">\n                  <!---->\n                  <!---->\n                  <div class=\"\">\n                    <p><span style=\"font-weight: 700; font-family: &quot;Open Sans&quot;; color: rgb(0, 7, 8);\">Velkommen til den f\u00f8rste udgave af nyhedsbrevet fra FGU-Skolen \u00d8st.<\/span><span style=\"font-family: &quot;Open Sans&quot;; color: rgb(0, 7, 8);\"> <br><br>Du vil som vores samarbejdspartner modtage dette nyhedsbrev en gang hvert kvartal, og vi beder dig sende det til andre relevante modtagere i din organisation. Vi vil p\u00e5 denne m\u00e5de holde dig og dine ansatte orienteret om hvad der sker p\u00e5 de 4 skoler i FGU-Skolen \u00d8st og p\u00e5 vores Kursuscenter.<\/span><\/p>\n                    <p><span style=\"font-family: &quot;Open Sans&quot;; color: rgb(0, 7, 8);\">\u00d8nsker du at andre i organisationen skal modtage nyhedsbrevet direkte i deres mail, kan disse tilmelde sig nyhedsbrevet p\u00e5 <\/span>\n                      <a href=\"mailto:nyheder@fgu-skolen.dk\"\n                        style=\"font-family: &quot;Open Sans&quot;; color: rgb(0, 7, 8);\">nyheder@fgu-skolen.dk<\/a>\n                      <br>\n                      <br>\n                    <\/p>\n                    <p><strong style=\"font-family: &quot;Open Sans&quot;; color: rgb(0, 7, 8);\">Det f\u00f8rste \u00e5r med FGU <\/strong><\/p>\n                    <p><span style=\"font-family: &quot;Open Sans&quot;; color: rgb(0, 7, 8);\">Det er nu et \u00e5r og 3 m\u00e5neder siden at alle 27 FGU-institutioner i Danmark slog d\u00f8rene op til den nye Forberedende Grunduddannelse, og siden har de i alt 88 FGU-Skoler rundt om i landet arbejdet m\u00e5lrettet med at udvikle dette nye tilbud til de unge. <br>Elevtallet i FGU-Skolen \u00d8st har siden starten i august 2019 v\u00e6ret ganske stabilt, og vi havde ved den f\u00f8rste m\u00e5ling af frafald fra FGU i december 2019 meget flotte gennemf\u00f8rselstal. 92% af de unge der startede p\u00e5 FGU i efter\u00e5ret 2019 var nemlig stadig aktive i uddannelsen i december.<\/span><\/p>\n                    <p><em style=\"font-family: &quot;Open Sans&quot;; color: rgb(0, 7, 8);\">Corona<\/em><\/p>\n                    <p><span style=\"font-family: &quot;Open Sans&quot;; color: rgb(0, 7, 8);\">I for\u00e5ret fik vi alle testet vores omstillingsparathed, da det med ganske kort varsel blev n\u00f8dvendigt at undervise vores elever p\u00e5 helt nye m\u00e5der ved hj\u00e6lp af bl.a. fjernundervisning. Vores mange dygtige l\u00e6rere var b\u00e5de kreative og vedholdende i den daglige undervisning og kontakt til eleverne, hvilket bet\u00f8d at vi lykkedes med at fastholde n\u00e6sten alle elever gennem de n\u00e6sten to m\u00e5neders nedlukning.<\/span><\/p>\n                    <p><span style=\"font-family: &quot;Open Sans&quot;; color: rgb(0, 7, 8);\">I forbindelse med gen\u00e5bningen af skolerne er det lykkedes os at etablere det n\u00f8dvendige beredskab til forebyggelse af smitteudbredelsen i en s\u00e5dan grad, at vi generelt ikke har v\u00e6ret ramt af smitte p\u00e5 skolerne. Med de aktuelle restriktioner g\u00e6ldende for ungdomsuddannelsesinstitutioner undervises eleverne forel\u00f8bigt med dagligt fremm\u00f8de, men uden kontakt med elever fra andre hold, og med krav om at b\u00e6re mundbind i alle f\u00e6llesarealer<\/span><\/p>\n                    <p><em style=\"font-family: &quot;Open Sans&quot;; color: rgb(0, 7, 8);\">Udvikling af fjernundervisningsv\u00e6rksteder<\/em><\/p>\n                    <p><span style=\"font-family: &quot;Open Sans&quot;; color: rgb(0, 7, 8);\">FGU-Skolen \u00d8st udvikler sig hele tiden, og senest er vi ved at udvikle et s\u00e6rligt tilbud til den gruppe af unge, som p\u00e5 grund af psykisk s\u00e5rbarhed ikke har mulighed for at deltage i undervisningen p\u00e5 fuld tid.<\/span><\/p>\n                    <p><span style=\"font-family: &quot;Open Sans&quot;; color: rgb(0, 7, 8);\">Med st\u00f8tte fra en pulje til s\u00e6rlige indsatser for denne gruppe unge etableres et fjernundervisningstilbud med udspring i skolerne i H\u00f8je-Taastrup og Greve\/Solr\u00f8d. Indholdet og den p\u00e6dagogiske tilrettel\u00e6ggelse af fjernundervisningen er netop nu ved at blive planlagt i dialog med ministeriets l\u00e6ringskonsulenter samt eksterne samarbejdspartnere, og vi forventer at v\u00e6re klar med dette nye tilbud fra \u00e5rsskiftet.<\/span><\/p>\n                    <p><span style=\"font-family: &quot;Open Sans&quot;; color: rgb(0, 7, 8);\">Der er allerede stor interesse for dette tilbud i flere af vores 5 kommuner. Tilbuddet vil udover den daglige online-undervisning ogs\u00e5 indeholde forl\u00f8b der styrker og tr\u00e6ner den unges personlige og sociale kompetencer, og der arbejdes med progression i den unges fysiske fremm\u00f8de. Vi gl\u00e6der os meget til at byde de unge ind i vores nye tilbud.<br><br> <\/span>\n                      <em\n                        style=\"font-family: &quot;Open Sans&quot;; color: rgb(0, 7, 8);\">Udslusning til uddannelse og job sommeren 2020<\/em>\n                    <\/p>\n                    <p><span style=\"font-family: &quot;Open Sans&quot;; color: rgb(0, 7, 8);\">M\u00e5let med FGU er i jo at medvirke til at de unge kommer videre i enten uddannelse eller et arbejde. Vi har for nyligt opgjort udslusningen af elever efter det f\u00f8rste skole\u00e5r, og vi er ganske tilfredse med resultatet. <br>I perioden fra juni til september 2020 har vi s\u00e5ledes udsluset i alt 140 unge efter et gennemf\u00f8rt FGU-forl\u00f8b med en varighed p\u00e5 op til et \u00e5r. Af disse 140 unge er 75% udsluset til enten uddannelse eller besk\u00e6ftigelse. <br>De resterende 25% af eleverne, som ikke er kommet i uddannelse eller job eller har afbrudt deres forl\u00f8b af forskellige \u00e5rsager har vi s\u00e6rligt fokus p\u00e5 i den kommende tid sammen med den Kommunale Ungeindsats.<\/span><\/p>\n                    <p><em style=\"font-family: &quot;Open Sans&quot;; color: rgb(0, 7, 8);\">Elever fra 28 kommuner<\/em><\/p>\n                    <p><span style=\"font-family: &quot;Open Sans&quot;; color: rgb(0, 7, 8);\">Den centrale placering af FGU-Skolen \u00d8st med et ben i b\u00e5de Region Hovedstaden og Region Sj\u00e6lland giver unge fra mange forskellig kommuner mulighed for at gennemf\u00f8re Forberedende Grunduddannelse hos os. Udover den geografiske beliggenhed og de gode transportforhold til og fra vores nu 4 skoler har vi et bredt udbud af faglige temaer, og vi udbyder s\u00e5ledes 9 af de 12 faglige temaer i FGU. <br>FGU-Skolen \u00d8st havde i september 2020 elever fra i alt 28 forskellige kommuner, hvoraf 105 elever svarende til 21% af institutionens elever kom fra kommuner uden for institutionens d\u00e6kningsomr\u00e5de.*<\/span>\n                      <br>\n                    <\/p>\n                    <p><span style=\"font-family: &quot;Open Sans&quot;; color: rgb(0, 7, 8);\">S\u00f8ren Elnebo Lau,&nbsp;<\/span><em style=\"font-family: &quot;Open Sans&quot;; color: rgb(0, 7, 8);\"><br>Direkt\u00f8r<\/em><\/p>\n                  <\/div>\n                <\/div>\n              <\/div>\n            <\/div>\n          <\/div>\n          <div class=\"h-column h-column-container d-flex h-col-lg-auto h-col-md-auto h-col-auto style-2764-outer style-local-1848-c6-outer\">\n            <div data-colibri-id=\"1848-c6\" class=\"d-flex h-flex-basis h-column__inner h-px-lg-2 h-px-md-2 h-px-2 v-inner-lg-2 v-inner-md-2 v-inner-2 style-2764 style-local-1848-c6 position-relative\">\n              <!---->\n              <!---->\n              <div class=\"w-100 h-y-container h-column__content h-column__v-align flex-basis-100 align-self-lg-start align-self-md-start align-self-start\">\n                <!---->\n                <div data-colibri-id=\"1848-c7\" class=\"d-block style-2766 style-local-1848-c7 position-relative h-element\">\n                  <!---->\n                  <div class=\"h-image__frame-container-outer\">\n                    <div class=\"h-image__frame-container\">\n                      <!---->\n                      <!---->\n                      <img loading=\"lazy\" decoding=\"async\" width=\"800\" height=\"776\" src=\"https:\/\/fgu-skolen.dk\/wp-content\/uploads\/2023\/06\/TA1komm-medier.jpg\" class=\"wp-image-11893 style-2766-image style-local-1848-c7-image\" alt=\"\" srcset=\"https:\/\/fgu-skolen.dk\/wp-content\/uploads\/2023\/06\/TA1komm-medier.jpg 800w, https:\/\/fgu-skolen.dk\/wp-content\/uploads\/2023\/06\/TA1komm-medier-300x291.jpg 300w, https:\/\/fgu-skolen.dk\/wp-content\/uploads\/2023\/06\/TA1komm-medier-768x745.jpg 768w\" sizes=\"auto, (max-width: 800px) 100vw, 800px\" \/>\n                      <div class=\"h-image__frame h-hide-lg h-hide-md h-hide-sm style-2766-frameImage style-local-1848-c7-frameImage\"><\/div>\n                    <\/div>\n                  <\/div>\n                <\/div>\n                <div data-colibri-id=\"1848-c8\" class=\"d-block style-2766 style-local-1848-c8 position-relative h-element\">\n                  <!---->\n                  <div class=\"h-image__frame-container-outer\">\n                    <div class=\"h-image__frame-container\">\n                      <!---->\n                      <!---->\n                      <img loading=\"lazy\" decoding=\"async\" width=\"687\" height=\"845\" src=\"https:\/\/fgu-skolen.dk\/wp-content\/uploads\/2021\/03\/NY-Udslusningsstatistik.jpg\" class=\"wp-image-5639 style-2766-image style-local-1848-c8-image\" alt=\"\" srcset=\"https:\/\/fgu-skolen.dk\/wp-content\/uploads\/2021\/03\/NY-Udslusningsstatistik.jpg 687w, https:\/\/fgu-skolen.dk\/wp-content\/uploads\/2021\/03\/NY-Udslusningsstatistik-244x300.jpg 244w\" sizes=\"auto, (max-width: 687px) 100vw, 687px\" \/>\n                      <div class=\"h-image__frame h-hide-lg h-hide-md h-hide-sm style-2766-frameImage style-local-1848-c8-frameImage\"><\/div>\n                    <\/div>\n                  <\/div>\n                <\/div>\n                <div data-colibri-id=\"1848-c9\" class=\"d-block style-2766 style-local-1848-c9 position-relative h-element\">\n                  <!---->\n                  <div class=\"h-image__frame-container-outer\">\n                    <div class=\"h-image__frame-container\">\n                      <!---->\n                      <!---->\n                      <img loading=\"lazy\" decoding=\"async\" width=\"800\" height=\"735\" src=\"https:\/\/fgu-skolen.dk\/wp-content\/uploads\/2023\/04\/Fodpedal-Greve.jpg\" class=\"wp-image-10944 style-2766-image style-local-1848-c9-image\" alt=\"\" srcset=\"https:\/\/fgu-skolen.dk\/wp-content\/uploads\/2023\/04\/Fodpedal-Greve.jpg 800w, https:\/\/fgu-skolen.dk\/wp-content\/uploads\/2023\/04\/Fodpedal-Greve-300x276.jpg 300w, https:\/\/fgu-skolen.dk\/wp-content\/uploads\/2023\/04\/Fodpedal-Greve-768x706.jpg 768w\" sizes=\"auto, (max-width: 800px) 100vw, 800px\" \/>\n                      <div class=\"h-image__frame h-hide-lg h-hide-md h-hide-sm style-2766-frameImage style-local-1848-c9-frameImage\"><\/div>\n                    <\/div>\n                  <\/div>\n                <\/div>\n                <div data-colibri-id=\"1848-c10\" class=\"d-block style-2766 style-local-1848-c10 position-relative h-element\">\n                  <!---->\n                  <div class=\"h-image__frame-container-outer\">\n                    <div class=\"h-image__frame-container\">\n                      <!---->\n                      <!---->\n                      <img loading=\"lazy\" decoding=\"async\" width=\"800\" height=\"764\" src=\"https:\/\/fgu-skolen.dk\/wp-content\/uploads\/2023\/04\/CST03603.jpg\" class=\"wp-image-10922 style-2766-image style-local-1848-c10-image\" alt=\"\" srcset=\"https:\/\/fgu-skolen.dk\/wp-content\/uploads\/2023\/04\/CST03603.jpg 800w, https:\/\/fgu-skolen.dk\/wp-content\/uploads\/2023\/04\/CST03603-300x287.jpg 300w, https:\/\/fgu-skolen.dk\/wp-content\/uploads\/2023\/04\/CST03603-768x733.jpg 768w\" sizes=\"auto, (max-width: 800px) 100vw, 800px\" \/>\n                      <div class=\"h-image__frame h-hide-lg h-hide-md h-hide-sm style-2766-frameImage style-local-1848-c10-frameImage\"><\/div>\n                    <\/div>\n                  <\/div>\n                <\/div>\n              <\/div>\n            <\/div>\n          <\/div>\n        <\/div>\n      <\/div>\n    <\/div>\n  <\/div>\n<\/div>","protected":false},"excerpt":{"rendered":"<p>Velkommen til den f\u00f8rste udgave af nyhedsbrevet fra FGU-Skolen \u00d8st. Du vil som vores samarbejdspartner modtage dette nyhedsbrev en gang hvert kvartal, og vi beder dig sende det til andre relevante modtagere i din organisation. Vi vil p\u00e5 denne m\u00e5de holde dig og dine ansatte orienteret om hvad der sker p\u00e5 de 4 skoler i [&hellip;]<\/p>\n","protected":false},"author":1,"featured_media":0,"parent":0,"menu_order":0,"comment_status":"closed","ping_status":"closed","template":"page-templates\/full-width-page.php","meta":{"_mo_disable_npp":"","h5ap_radio_sources":[],"footnotes":""},"class_list":["post-1848","page","type-page","status-publish","hentry"],"yoast_head":"<!-- This site is optimized with the Yoast SEO plugin v27.2 - https:\/\/yoast.com\/product\/yoast-seo-wordpress\/ -->\n<title>Nyhedsbrev - FGU-Skolen &Oslash;st<\/title>\n<meta name=\"robots\" content=\"index, follow, max-snippet:-1, max-image-preview:large, max-video-preview:-1\" \/>\n<link rel=\"canonical\" href=\"https:\/\/fgu-skolen.dk\/index.php\/nyhedsbrev\/\" \/>\n<meta property=\"og:locale\" content=\"da_DK\" \/>\n<meta property=\"og:type\" content=\"article\" \/>\n<meta property=\"og:title\" content=\"Nyhedsbrev - FGU-Skolen &Oslash;st\" \/>\n<meta property=\"og:description\" content=\"Velkommen til den f\u00f8rste udgave af nyhedsbrevet fra FGU-Skolen \u00d8st. Du vil som vores samarbejdspartner modtage dette nyhedsbrev en gang hvert kvartal, og vi beder dig sende det til andre relevante modtagere i din organisation. Vi vil p\u00e5 denne m\u00e5de holde dig og dine ansatte orienteret om hvad der sker p\u00e5 de 4 skoler i [&hellip;]\" \/>\n<meta property=\"og:url\" content=\"https:\/\/fgu-skolen.dk\/index.php\/nyhedsbrev\/\" \/>\n<meta property=\"og:site_name\" content=\"FGU-Skolen &Oslash;st\" \/>\n<meta property=\"article:modified_time\" content=\"2023-11-03T06:58:07+00:00\" \/>\n<meta property=\"og:image\" content=\"https:\/\/fgu-skolen.dk\/wp-content\/uploads\/2023\/06\/TA1komm-medier.jpg\" \/>\n<meta name=\"twitter:card\" content=\"summary_large_image\" \/>\n<meta name=\"twitter:label1\" content=\"Estimeret l\u00e6setid\" \/>\n\t<meta name=\"twitter:data1\" content=\"4 minutter\" \/>\n<script type=\"application\/ld+json\" class=\"yoast-schema-graph\">{\"@context\":\"https:\/\/schema.org\",\"@graph\":[{\"@type\":\"WebPage\",\"@id\":\"https:\/\/fgu-skolen.dk\/index.php\/nyhedsbrev\/\",\"url\":\"https:\/\/fgu-skolen.dk\/index.php\/nyhedsbrev\/\",\"name\":\"Nyhedsbrev - FGU-Skolen &Oslash;st\",\"isPartOf\":{\"@id\":\"https:\/\/fgu-skolen.dk\/#website\"},\"primaryImageOfPage\":{\"@id\":\"https:\/\/fgu-skolen.dk\/index.php\/nyhedsbrev\/#primaryimage\"},\"image\":{\"@id\":\"https:\/\/fgu-skolen.dk\/index.php\/nyhedsbrev\/#primaryimage\"},\"thumbnailUrl\":\"https:\/\/fgu-skolen.dk\/wp-content\/uploads\/2023\/06\/TA1komm-medier.jpg\",\"datePublished\":\"2021-02-09T10:20:19+00:00\",\"dateModified\":\"2023-11-03T06:58:07+00:00\",\"breadcrumb\":{\"@id\":\"https:\/\/fgu-skolen.dk\/index.php\/nyhedsbrev\/#breadcrumb\"},\"inLanguage\":\"da-DK\",\"potentialAction\":[{\"@type\":\"ReadAction\",\"target\":[\"https:\/\/fgu-skolen.dk\/index.php\/nyhedsbrev\/\"]}]},{\"@type\":\"ImageObject\",\"inLanguage\":\"da-DK\",\"@id\":\"https:\/\/fgu-skolen.dk\/index.php\/nyhedsbrev\/#primaryimage\",\"url\":\"https:\/\/fgu-skolen.dk\/wp-content\/uploads\/2023\/06\/TA1komm-medier.jpg\",\"contentUrl\":\"https:\/\/fgu-skolen.dk\/wp-content\/uploads\/2023\/06\/TA1komm-medier.jpg\",\"width\":800,\"height\":776},{\"@type\":\"BreadcrumbList\",\"@id\":\"https:\/\/fgu-skolen.dk\/index.php\/nyhedsbrev\/#breadcrumb\",\"itemListElement\":[{\"@type\":\"ListItem\",\"position\":1,\"name\":\"Hjem\",\"item\":\"https:\/\/fgu-skolen.dk\/\"},{\"@type\":\"ListItem\",\"position\":2,\"name\":\"Nyhedsbrev\"}]},{\"@type\":\"WebSite\",\"@id\":\"https:\/\/fgu-skolen.dk\/#website\",\"url\":\"https:\/\/fgu-skolen.dk\/\",\"name\":\"FGU-Skolen &Oslash;st\",\"description\":\"\",\"publisher\":{\"@id\":\"https:\/\/fgu-skolen.dk\/#organization\"},\"potentialAction\":[{\"@type\":\"SearchAction\",\"target\":{\"@type\":\"EntryPoint\",\"urlTemplate\":\"https:\/\/fgu-skolen.dk\/?s={search_term_string}\"},\"query-input\":{\"@type\":\"PropertyValueSpecification\",\"valueRequired\":true,\"valueName\":\"search_term_string\"}}],\"inLanguage\":\"da-DK\"},{\"@type\":\"Organization\",\"@id\":\"https:\/\/fgu-skolen.dk\/#organization\",\"name\":\"FGU-Skolen &Oslash;st\",\"url\":\"https:\/\/fgu-skolen.dk\/\",\"logo\":{\"@type\":\"ImageObject\",\"inLanguage\":\"da-DK\",\"@id\":\"https:\/\/fgu-skolen.dk\/#\/schema\/logo\/image\/\",\"url\":\"https:\/\/fgu-skolen.dk\/wp-content\/uploads\/2021\/02\/cropped-cropped-Logo_FGU-Skolen-Oest-002.png\",\"contentUrl\":\"https:\/\/fgu-skolen.dk\/wp-content\/uploads\/2021\/02\/cropped-cropped-Logo_FGU-Skolen-Oest-002.png\",\"width\":945,\"height\":650,\"caption\":\"FGU-Skolen &Oslash;st\"},\"image\":{\"@id\":\"https:\/\/fgu-skolen.dk\/#\/schema\/logo\/image\/\"}}]}<\/script>\n<!-- \/ Yoast SEO plugin. -->","yoast_head_json":{"title":"Nyhedsbrev - FGU-Skolen &Oslash;st","robots":{"index":"index","follow":"follow","max-snippet":"max-snippet:-1","max-image-preview":"max-image-preview:large","max-video-preview":"max-video-preview:-1"},"canonical":"https:\/\/fgu-skolen.dk\/index.php\/nyhedsbrev\/","og_locale":"da_DK","og_type":"article","og_title":"Nyhedsbrev - FGU-Skolen &Oslash;st","og_description":"Velkommen til den f\u00f8rste udgave af nyhedsbrevet fra FGU-Skolen \u00d8st. Du vil som vores samarbejdspartner modtage dette nyhedsbrev en gang hvert kvartal, og vi beder dig sende det til andre relevante modtagere i din organisation. Vi vil p\u00e5 denne m\u00e5de holde dig og dine ansatte orienteret om hvad der sker p\u00e5 de 4 skoler i [&hellip;]","og_url":"https:\/\/fgu-skolen.dk\/index.php\/nyhedsbrev\/","og_site_name":"FGU-Skolen &Oslash;st","article_modified_time":"2023-11-03T06:58:07+00:00","og_image":[{"url":"https:\/\/fgu-skolen.dk\/wp-content\/uploads\/2023\/06\/TA1komm-medier.jpg","type":"","width":"","height":""}],"twitter_card":"summary_large_image","twitter_misc":{"Estimeret l\u00e6setid":"4 minutter"},"schema":{"@context":"https:\/\/schema.org","@graph":[{"@type":"WebPage","@id":"https:\/\/fgu-skolen.dk\/index.php\/nyhedsbrev\/","url":"https:\/\/fgu-skolen.dk\/index.php\/nyhedsbrev\/","name":"Nyhedsbrev - FGU-Skolen &Oslash;st","isPartOf":{"@id":"https:\/\/fgu-skolen.dk\/#website"},"primaryImageOfPage":{"@id":"https:\/\/fgu-skolen.dk\/index.php\/nyhedsbrev\/#primaryimage"},"image":{"@id":"https:\/\/fgu-skolen.dk\/index.php\/nyhedsbrev\/#primaryimage"},"thumbnailUrl":"https:\/\/fgu-skolen.dk\/wp-content\/uploads\/2023\/06\/TA1komm-medier.jpg","datePublished":"2021-02-09T10:20:19+00:00","dateModified":"2023-11-03T06:58:07+00:00","breadcrumb":{"@id":"https:\/\/fgu-skolen.dk\/index.php\/nyhedsbrev\/#breadcrumb"},"inLanguage":"da-DK","potentialAction":[{"@type":"ReadAction","target":["https:\/\/fgu-skolen.dk\/index.php\/nyhedsbrev\/"]}]},{"@type":"ImageObject","inLanguage":"da-DK","@id":"https:\/\/fgu-skolen.dk\/index.php\/nyhedsbrev\/#primaryimage","url":"https:\/\/fgu-skolen.dk\/wp-content\/uploads\/2023\/06\/TA1komm-medier.jpg","contentUrl":"https:\/\/fgu-skolen.dk\/wp-content\/uploads\/2023\/06\/TA1komm-medier.jpg","width":800,"height":776},{"@type":"BreadcrumbList","@id":"https:\/\/fgu-skolen.dk\/index.php\/nyhedsbrev\/#breadcrumb","itemListElement":[{"@type":"ListItem","position":1,"name":"Hjem","item":"https:\/\/fgu-skolen.dk\/"},{"@type":"ListItem","position":2,"name":"Nyhedsbrev"}]},{"@type":"WebSite","@id":"https:\/\/fgu-skolen.dk\/#website","url":"https:\/\/fgu-skolen.dk\/","name":"FGU-Skolen &Oslash;st","description":"","publisher":{"@id":"https:\/\/fgu-skolen.dk\/#organization"},"potentialAction":[{"@type":"SearchAction","target":{"@type":"EntryPoint","urlTemplate":"https:\/\/fgu-skolen.dk\/?s={search_term_string}"},"query-input":{"@type":"PropertyValueSpecification","valueRequired":true,"valueName":"search_term_string"}}],"inLanguage":"da-DK"},{"@type":"Organization","@id":"https:\/\/fgu-skolen.dk\/#organization","name":"FGU-Skolen &Oslash;st","url":"https:\/\/fgu-skolen.dk\/","logo":{"@type":"ImageObject","inLanguage":"da-DK","@id":"https:\/\/fgu-skolen.dk\/#\/schema\/logo\/image\/","url":"https:\/\/fgu-skolen.dk\/wp-content\/uploads\/2021\/02\/cropped-cropped-Logo_FGU-Skolen-Oest-002.png","contentUrl":"https:\/\/fgu-skolen.dk\/wp-content\/uploads\/2021\/02\/cropped-cropped-Logo_FGU-Skolen-Oest-002.png","width":945,"height":650,"caption":"FGU-Skolen &Oslash;st"},"image":{"@id":"https:\/\/fgu-skolen.dk\/#\/schema\/logo\/image\/"}}]}},"_links":{"self":[{"href":"https:\/\/fgu-skolen.dk\/index.php\/wp-json\/wp\/v2\/pages\/1848","targetHints":{"allow":["GET"]}}],"collection":[{"href":"https:\/\/fgu-skolen.dk\/index.php\/wp-json\/wp\/v2\/pages"}],"about":[{"href":"https:\/\/fgu-skolen.dk\/index.php\/wp-json\/wp\/v2\/types\/page"}],"author":[{"embeddable":true,"href":"https:\/\/fgu-skolen.dk\/index.php\/wp-json\/wp\/v2\/users\/1"}],"replies":[{"embeddable":true,"href":"https:\/\/fgu-skolen.dk\/index.php\/wp-json\/wp\/v2\/comments?post=1848"}],"version-history":[{"count":6,"href":"https:\/\/fgu-skolen.dk\/index.php\/wp-json\/wp\/v2\/pages\/1848\/revisions"}],"predecessor-version":[{"id":12817,"href":"https:\/\/fgu-skolen.dk\/index.php\/wp-json\/wp\/v2\/pages\/1848\/revisions\/12817"}],"wp:attachment":[{"href":"https:\/\/fgu-skolen.dk\/index.php\/wp-json\/wp\/v2\/media?parent=1848"}],"curies":[{"name":"wp","href":"https:\/\/api.w.org\/{rel}","templated":true}]}}