{"id":168,"date":"2021-01-21T07:24:24","date_gmt":"2021-01-21T07:24:24","guid":{"rendered":"http:\/\/ny.fguit.dk\/?page_id=168"},"modified":"2025-05-13T12:59:04","modified_gmt":"2025-05-13T12:59:04","slug":"agu","status":"publish","type":"page","link":"https:\/\/fgu-skolen.dk\/index.php\/uddannelsesspor\/agu\/","title":{"rendered":"AGU &#8211; Almen Grunduddannelse"},"content":{"rendered":"<div data-colibri-id=\"168-c1\" class=\"style-1089 style-local-168-c1 position-relative\">\n  <!---->\n  <div data-colibri-component=\"section\" data-colibri-id=\"168-c2\" id=\"reusable-sections\" class=\"h-section h-section-global-spacing d-flex align-items-lg-center align-items-md-center align-items-center style-1090 style-local-168-c2 position-relative\">\n    <!---->\n    <!---->\n    <div class=\"h-section-grid-container h-section-boxed-container\">\n      <!---->\n      <div data-colibri-id=\"168-c3\" class=\"h-row-container gutters-row-lg-2 gutters-row-md-2 gutters-row-0 gutters-row-v-lg-2 gutters-row-v-md-2 gutters-row-v-2 style-1091 style-local-168-c3 position-relative\">\n        <!---->\n        <div class=\"h-row justify-content-lg-center justify-content-md-center justify-content-center align-items-lg-stretch align-items-md-stretch align-items-stretch gutters-col-lg-2 gutters-col-md-2 gutters-col-0 gutters-col-v-lg-2 gutters-col-v-md-2 gutters-col-v-2\">\n          <!---->\n          <div class=\"h-column h-column-container d-flex h-col-lg-auto h-col-md-auto h-col-auto style-1092-outer style-local-168-c4-outer\">\n            <div data-colibri-id=\"168-c4\" class=\"d-flex h-flex-basis h-column__inner h-px-lg-0 h-px-md-0 h-px-0 v-inner-lg-0 v-inner-md-0 v-inner-0 style-1092 style-local-168-c4 position-relative\">\n              <!---->\n              <!---->\n              <div class=\"w-100 h-y-container h-column__content h-column__v-align flex-basis-100 align-self-lg-start align-self-md-start align-self-start\">\n                <!---->\n                <div data-colibri-id=\"168-c5\" class=\"h-text h-text-component style-2440 style-local-168-c5 position-relative h-element\">\n                  <!---->\n                  <!---->\n                  <div class=\"\">\n                    <p><strong style=\"font-size: 14pt; font-family: &quot;Open Sans&quot;, sans-serif; color: rgb(60, 60, 59);\">Vil du p\u00e5 HF, gymnasiet eller p\u00e5 en erhvervsuddannelse, og har du lyst til at arbejde praktisk med de boglige fag? S\u00e5 er AGU m\u00e5ske noget for dig. <\/strong><\/p>\n                    <p><span style=\"color: rgb(7, 7, 7); font-family: &quot;Open Sans&quot;, sans-serif;\">P\u00e5 AGU \u2013 som st\u00e5r for Almen Grunduddannelse \u2013 arbejder du praktisk med de boglige fag. Det betyder, at I bruger de almene fag i de projekter, opgaver og cases, som I arbejder med.<\/span>\n                      <span\n                        style=\"color: black; font-family: &quot;Open Sans&quot;, sans-serif;\"> Praksis kan best\u00e5 i traditionelle produktioner med fremstilling af serviceydelser og varer.\n                        <br>Men praksis kan ogs\u00e5 best\u00e5 i andre aktiviteter, som indeb\u00e6rer unders\u00f8gelser, bev\u00e6gelse eller oplevelser. Dertil kobles teori fra de boglige fag, s\u00e5 man oplever at kunne bruge det teoretiske til noget konkret, h\u00e5ndgribeligt og brugbart.<\/span>\n                    <\/p>\n                    <p><strong style=\"color: rgb(7, 7, 7); font-family: &quot;Open Sans&quot;, sans-serif;\">Fag:<\/strong><span style=\"color: rgb(7, 7, 7); font-family: &quot;Open Sans&quot;, sans-serif;\">&nbsp;<br>Du har undervisning i dansk, matematik, PASE (privat\u00f8konomi, arbejdspladsl\u00e6re, samarbejdsl\u00e6re, erhvervsl\u00e6re) og\/eller Identitet og medborgerskab, samt et eller flere \u00f8vrige almene fag som naturfag, engelsk, samfundsfag.<\/span><\/p>\n                    <p><span style=\"color: black; font-family: &quot;Open Sans&quot;, sans-serif;\"> <\/span><strong style=\"color: rgb(7, 7, 7); font-family: &quot;Open Sans&quot;, sans-serif;\">Niveau:<\/strong><span style=\"color: rgb(7, 7, 7); font-family: &quot;Open Sans&quot;, sans-serif;\">&nbsp;<br>Du kan f\u00e5 undervisning p\u00e5 f\u00f8lgende niveauer: <\/span>\n                      <span\n                        style=\"color: rgb(6, 6, 6); font-family: &quot;Open Sans&quot;, sans-serif;\">\n                        <br>\u2022 <\/span><span style=\"color: rgb(7, 7, 7); font-family: &quot;Open Sans&quot;, sans-serif;\">Introduktionsniveau <\/span><span style=\"color: rgb(6, 6, 6); font-family: &quot;Open Sans&quot;, sans-serif;\"><br>\u2022 <\/span><span style=\"color: rgb(7, 7, 7); font-family: &quot;Open Sans&quot;, sans-serif;\">G-niveau (9.kl.) <\/span>\n                        <span\n                          style=\"color: rgb(6, 6, 6); font-family: &quot;Open Sans&quot;, sans-serif;\">\n                          <br>\u2022 <\/span><span style=\"color: rgb(7, 7, 7); font-family: &quot;Open Sans&quot;, sans-serif;\">E-niveau (10.kl.) <\/span><span style=\"color: rgb(6, 6, 6); font-family: &quot;Open Sans&quot;, sans-serif;\"><br>\u2022 <\/span><span style=\"color: rgb(7, 7, 7); font-family: &quot;Open Sans&quot;, sans-serif;\">D-niveau (mellem 10.kl. og gymnasiet)<\/span>\n                          <span\n                            style=\"color: rgb(58, 97, 107); font-family: &quot;Open Sans&quot;, sans-serif;\"> <\/span><strong style=\"color: rgb(6, 6, 6); font-family: &quot;Open Sans&quot;, sans-serif;\"><br><br>Fag p\u00e5 AGU:<\/strong><span style=\"color: rgb(6, 6, 6); font-family: &quot;Open Sans&quot;, sans-serif;\"><br>\u00ad\u2022 Dansk <br>\u2022 Dansk som andetsprog <br>\u2022 Matematik <br>\u2022 Engelsk <br>\u2022 Samfundsfag <br>\u2022 Naturfag <br>\u2022 PASE (Privat\u00f8konomi, Arbejdspladsl\u00e6re, Samarbejdsl\u00e6re &amp; Erhvervsl\u00e6re) <br>\u2022 Identitet og medborgerskab (Psykologi, mv.) <br>\u2022 Teknologiforst\u00e5else<\/span><\/p>\n                  <\/div>\n                <\/div>\n                <div data-colibri-id=\"168-c9\" class=\"h-x-container style-4102 style-local-168-c9 position-relative h-element\">\n                  <!---->\n                  <div class=\"h-x-container-inner style-dynamic-168-c9-group style-4102-spacing style-local-168-c9-spacing\"><span class=\"h-button__outer style-4103-outer style-local-168-c10-outer d-inline-flex h-element\"><a h-use-smooth-scroll=\"true\" href=\"https:\/\/fgu-skolen.dk\/wp-content\/uploads\/2025\/05\/AGU-almen-grunduddannelse-2024.mp3\"  data-colibri-id=\"168-c10\" class=\"d-flex w-100 align-items-center h-button justify-content-lg-center justify-content-md-center justify-content-center style-4103 style-local-168-c10 position-relative\"><!----><!----> <span>L\u00e6s op<\/span><\/a>\n                    <\/span>\n                  <\/div>\n                <\/div>\n              <\/div>\n            <\/div>\n          <\/div>\n          <div class=\"h-column h-column-container d-flex h-col-lg-auto h-col-md-auto h-col-auto style-1094-outer style-local-168-c6-outer\">\n            <div data-colibri-id=\"168-c6\" class=\"d-flex h-flex-basis h-column__inner h-px-lg-2 h-px-md-2 h-px-2 v-inner-lg-2 v-inner-md-2 v-inner-2 style-1094 style-local-168-c6 position-relative\">\n              <!---->\n              <!---->\n              <div class=\"w-100 h-y-container h-column__content h-column__v-align flex-basis-100 align-self-lg-start align-self-md-start align-self-start\">\n                <!---->\n                <div data-colibri-id=\"168-c7\" class=\"d-block style-1606 style-local-168-c7 position-relative h-element\">\n                  <!---->\n                  <div class=\"h-image__frame-container-outer\">\n                    <div class=\"h-image__frame-container\">\n                      <!---->\n                      <!---->\n                      <img loading=\"lazy\" decoding=\"async\" width=\"800\" height=\"798\" src=\"https:\/\/fgu-skolen.dk\/wp-content\/uploads\/2023\/04\/CST03611.jpg\" class=\"wp-image-10924 style-1606-image style-local-168-c7-image\" alt=\"\" srcset=\"https:\/\/fgu-skolen.dk\/wp-content\/uploads\/2023\/04\/CST03611.jpg 800w, https:\/\/fgu-skolen.dk\/wp-content\/uploads\/2023\/04\/CST03611-300x300.jpg 300w, https:\/\/fgu-skolen.dk\/wp-content\/uploads\/2023\/04\/CST03611-150x150.jpg 150w, https:\/\/fgu-skolen.dk\/wp-content\/uploads\/2023\/04\/CST03611-768x766.jpg 768w\" sizes=\"auto, (max-width: 800px) 100vw, 800px\" \/>\n                      <div class=\"h-image__frame h-hide-lg h-hide-md h-hide-sm style-1606-frameImage style-local-168-c7-frameImage\"><\/div>\n                    <\/div>\n                  <\/div>\n                <\/div>\n                <div data-colibri-id=\"168-c8\" class=\"h-text h-text-component style-1095 style-local-168-c8 position-relative h-element\">\n                  <!---->\n                  <!---->\n                  <div class=\"\">\n                    <h4><strong style=\"font-family: &quot;Open Sans&quot;; font-weight: 600;\">Pr\u00f8ve:<\/strong><\/h4>\n                    <p><strong style=\"color: rgb(12, 0, 0); font-family: &quot;Open Sans&quot;; font-size: 16px; font-weight: 400;\">P\u00e5 FGU er der obligatorisk pr\u00f8ve i matematik og dansk eller dansk som andet sprog. <br><br>Du kan h\u00f8jst komme til pr\u00f8ve i tre almene fag. Har du flere almene fag ud over de obligatoriske, tr\u00e6kkes der lod om, hvilket fag, du skal til pr\u00f8ve i.<br><br>I alle fag undtagen PASE skal du til en mundtlig pr\u00f8ve, der tager udgangspunkt i en pr\u00e6sentationsportfolio.<br><br>I PASE faget er pr\u00f8ven en praktisk pr\u00f8ve over to dage, som afsluttes med en mundtlig freml\u00e6ggelse.<\/strong><\/p>\n                  <\/div>\n                <\/div>\n              <\/div>\n            <\/div>\n          <\/div>\n        <\/div>\n      <\/div>\n    <\/div>\n  <\/div>\n<\/div>","protected":false},"excerpt":{"rendered":"<p>Vil du p\u00e5 HF, gymnasiet eller p\u00e5 en erhvervsuddannelse, og har du lyst til at arbejde praktisk med de boglige fag? S\u00e5 er AGU m\u00e5ske noget for dig. P\u00e5 AGU \u2013 som st\u00e5r for Almen Grunduddannelse \u2013 arbejder du praktisk med de boglige fag. Det betyder, at I bruger de almene fag i de projekter, [&hellip;]<\/p>\n","protected":false},"author":1,"featured_media":0,"parent":144,"menu_order":0,"comment_status":"closed","ping_status":"closed","template":"page-templates\/full-width-page.php","meta":{"_mo_disable_npp":"","h5ap_radio_sources":[],"footnotes":""},"class_list":["post-168","page","type-page","status-publish","hentry"],"yoast_head":"<!-- This site is optimized with the Yoast SEO plugin v27.2 - https:\/\/yoast.com\/product\/yoast-seo-wordpress\/ -->\n<title>AGU - Almen Grunduddannelse - FGU-Skolen &Oslash;st<\/title>\n<meta name=\"robots\" content=\"index, follow, max-snippet:-1, max-image-preview:large, max-video-preview:-1\" \/>\n<link rel=\"canonical\" href=\"https:\/\/fgu-skolen.dk\/index.php\/uddannelsesspor\/agu\/\" \/>\n<meta property=\"og:locale\" content=\"da_DK\" \/>\n<meta property=\"og:type\" content=\"article\" \/>\n<meta property=\"og:title\" content=\"AGU - Almen Grunduddannelse - FGU-Skolen &Oslash;st\" \/>\n<meta property=\"og:description\" content=\"Vil du p\u00e5 HF, gymnasiet eller p\u00e5 en erhvervsuddannelse, og har du lyst til at arbejde praktisk med de boglige fag? S\u00e5 er AGU m\u00e5ske noget for dig. P\u00e5 AGU \u2013 som st\u00e5r for Almen Grunduddannelse \u2013 arbejder du praktisk med de boglige fag. Det betyder, at I bruger de almene fag i de projekter, [&hellip;]\" \/>\n<meta property=\"og:url\" content=\"https:\/\/fgu-skolen.dk\/index.php\/uddannelsesspor\/agu\/\" \/>\n<meta property=\"og:site_name\" content=\"FGU-Skolen &Oslash;st\" \/>\n<meta property=\"article:modified_time\" content=\"2025-05-13T12:59:04+00:00\" \/>\n<meta property=\"og:image\" content=\"https:\/\/fgu-skolen.dk\/wp-content\/uploads\/2023\/04\/CST03611.jpg\" \/>\n\t<meta property=\"og:image:width\" content=\"800\" \/>\n\t<meta property=\"og:image:height\" content=\"798\" \/>\n\t<meta property=\"og:image:type\" content=\"image\/jpeg\" \/>\n<meta name=\"twitter:card\" content=\"summary_large_image\" \/>\n<meta name=\"twitter:label1\" content=\"Estimeret l\u00e6setid\" \/>\n\t<meta name=\"twitter:data1\" content=\"1 minut\" \/>\n<script type=\"application\/ld+json\" class=\"yoast-schema-graph\">{\"@context\":\"https:\/\/schema.org\",\"@graph\":[{\"@type\":\"WebPage\",\"@id\":\"https:\/\/fgu-skolen.dk\/index.php\/uddannelsesspor\/agu\/\",\"url\":\"https:\/\/fgu-skolen.dk\/index.php\/uddannelsesspor\/agu\/\",\"name\":\"AGU - Almen Grunduddannelse - FGU-Skolen &Oslash;st\",\"isPartOf\":{\"@id\":\"https:\/\/fgu-skolen.dk\/#website\"},\"primaryImageOfPage\":{\"@id\":\"https:\/\/fgu-skolen.dk\/index.php\/uddannelsesspor\/agu\/#primaryimage\"},\"image\":{\"@id\":\"https:\/\/fgu-skolen.dk\/index.php\/uddannelsesspor\/agu\/#primaryimage\"},\"thumbnailUrl\":\"https:\/\/fgu-skolen.dk\/wp-content\/uploads\/2023\/04\/CST03611.jpg\",\"datePublished\":\"2021-01-21T07:24:24+00:00\",\"dateModified\":\"2025-05-13T12:59:04+00:00\",\"breadcrumb\":{\"@id\":\"https:\/\/fgu-skolen.dk\/index.php\/uddannelsesspor\/agu\/#breadcrumb\"},\"inLanguage\":\"da-DK\",\"potentialAction\":[{\"@type\":\"ReadAction\",\"target\":[\"https:\/\/fgu-skolen.dk\/index.php\/uddannelsesspor\/agu\/\"]}]},{\"@type\":\"ImageObject\",\"inLanguage\":\"da-DK\",\"@id\":\"https:\/\/fgu-skolen.dk\/index.php\/uddannelsesspor\/agu\/#primaryimage\",\"url\":\"https:\/\/fgu-skolen.dk\/wp-content\/uploads\/2023\/04\/CST03611.jpg\",\"contentUrl\":\"https:\/\/fgu-skolen.dk\/wp-content\/uploads\/2023\/04\/CST03611.jpg\",\"width\":800,\"height\":798},{\"@type\":\"BreadcrumbList\",\"@id\":\"https:\/\/fgu-skolen.dk\/index.php\/uddannelsesspor\/agu\/#breadcrumb\",\"itemListElement\":[{\"@type\":\"ListItem\",\"position\":1,\"name\":\"Hjem\",\"item\":\"https:\/\/fgu-skolen.dk\/\"},{\"@type\":\"ListItem\",\"position\":2,\"name\":\"Uddannelsesspor\",\"item\":\"https:\/\/fgu-skolen.dk\/index.php\/uddannelsesspor\/\"},{\"@type\":\"ListItem\",\"position\":3,\"name\":\"AGU &#8211; Almen Grunduddannelse\"}]},{\"@type\":\"WebSite\",\"@id\":\"https:\/\/fgu-skolen.dk\/#website\",\"url\":\"https:\/\/fgu-skolen.dk\/\",\"name\":\"FGU-Skolen &Oslash;st\",\"description\":\"\",\"publisher\":{\"@id\":\"https:\/\/fgu-skolen.dk\/#organization\"},\"potentialAction\":[{\"@type\":\"SearchAction\",\"target\":{\"@type\":\"EntryPoint\",\"urlTemplate\":\"https:\/\/fgu-skolen.dk\/?s={search_term_string}\"},\"query-input\":{\"@type\":\"PropertyValueSpecification\",\"valueRequired\":true,\"valueName\":\"search_term_string\"}}],\"inLanguage\":\"da-DK\"},{\"@type\":\"Organization\",\"@id\":\"https:\/\/fgu-skolen.dk\/#organization\",\"name\":\"FGU-Skolen &Oslash;st\",\"url\":\"https:\/\/fgu-skolen.dk\/\",\"logo\":{\"@type\":\"ImageObject\",\"inLanguage\":\"da-DK\",\"@id\":\"https:\/\/fgu-skolen.dk\/#\/schema\/logo\/image\/\",\"url\":\"https:\/\/fgu-skolen.dk\/wp-content\/uploads\/2021\/02\/cropped-cropped-Logo_FGU-Skolen-Oest-002.png\",\"contentUrl\":\"https:\/\/fgu-skolen.dk\/wp-content\/uploads\/2021\/02\/cropped-cropped-Logo_FGU-Skolen-Oest-002.png\",\"width\":945,\"height\":650,\"caption\":\"FGU-Skolen &Oslash;st\"},\"image\":{\"@id\":\"https:\/\/fgu-skolen.dk\/#\/schema\/logo\/image\/\"}}]}<\/script>\n<!-- \/ Yoast SEO plugin. -->","yoast_head_json":{"title":"AGU - Almen Grunduddannelse - FGU-Skolen &Oslash;st","robots":{"index":"index","follow":"follow","max-snippet":"max-snippet:-1","max-image-preview":"max-image-preview:large","max-video-preview":"max-video-preview:-1"},"canonical":"https:\/\/fgu-skolen.dk\/index.php\/uddannelsesspor\/agu\/","og_locale":"da_DK","og_type":"article","og_title":"AGU - Almen Grunduddannelse - FGU-Skolen &Oslash;st","og_description":"Vil du p\u00e5 HF, gymnasiet eller p\u00e5 en erhvervsuddannelse, og har du lyst til at arbejde praktisk med de boglige fag? S\u00e5 er AGU m\u00e5ske noget for dig. P\u00e5 AGU \u2013 som st\u00e5r for Almen Grunduddannelse \u2013 arbejder du praktisk med de boglige fag. Det betyder, at I bruger de almene fag i de projekter, [&hellip;]","og_url":"https:\/\/fgu-skolen.dk\/index.php\/uddannelsesspor\/agu\/","og_site_name":"FGU-Skolen &Oslash;st","article_modified_time":"2025-05-13T12:59:04+00:00","og_image":[{"width":800,"height":798,"url":"https:\/\/fgu-skolen.dk\/wp-content\/uploads\/2023\/04\/CST03611.jpg","type":"image\/jpeg"}],"twitter_card":"summary_large_image","twitter_misc":{"Estimeret l\u00e6setid":"1 minut"},"schema":{"@context":"https:\/\/schema.org","@graph":[{"@type":"WebPage","@id":"https:\/\/fgu-skolen.dk\/index.php\/uddannelsesspor\/agu\/","url":"https:\/\/fgu-skolen.dk\/index.php\/uddannelsesspor\/agu\/","name":"AGU - Almen Grunduddannelse - FGU-Skolen &Oslash;st","isPartOf":{"@id":"https:\/\/fgu-skolen.dk\/#website"},"primaryImageOfPage":{"@id":"https:\/\/fgu-skolen.dk\/index.php\/uddannelsesspor\/agu\/#primaryimage"},"image":{"@id":"https:\/\/fgu-skolen.dk\/index.php\/uddannelsesspor\/agu\/#primaryimage"},"thumbnailUrl":"https:\/\/fgu-skolen.dk\/wp-content\/uploads\/2023\/04\/CST03611.jpg","datePublished":"2021-01-21T07:24:24+00:00","dateModified":"2025-05-13T12:59:04+00:00","breadcrumb":{"@id":"https:\/\/fgu-skolen.dk\/index.php\/uddannelsesspor\/agu\/#breadcrumb"},"inLanguage":"da-DK","potentialAction":[{"@type":"ReadAction","target":["https:\/\/fgu-skolen.dk\/index.php\/uddannelsesspor\/agu\/"]}]},{"@type":"ImageObject","inLanguage":"da-DK","@id":"https:\/\/fgu-skolen.dk\/index.php\/uddannelsesspor\/agu\/#primaryimage","url":"https:\/\/fgu-skolen.dk\/wp-content\/uploads\/2023\/04\/CST03611.jpg","contentUrl":"https:\/\/fgu-skolen.dk\/wp-content\/uploads\/2023\/04\/CST03611.jpg","width":800,"height":798},{"@type":"BreadcrumbList","@id":"https:\/\/fgu-skolen.dk\/index.php\/uddannelsesspor\/agu\/#breadcrumb","itemListElement":[{"@type":"ListItem","position":1,"name":"Hjem","item":"https:\/\/fgu-skolen.dk\/"},{"@type":"ListItem","position":2,"name":"Uddannelsesspor","item":"https:\/\/fgu-skolen.dk\/index.php\/uddannelsesspor\/"},{"@type":"ListItem","position":3,"name":"AGU &#8211; Almen Grunduddannelse"}]},{"@type":"WebSite","@id":"https:\/\/fgu-skolen.dk\/#website","url":"https:\/\/fgu-skolen.dk\/","name":"FGU-Skolen &Oslash;st","description":"","publisher":{"@id":"https:\/\/fgu-skolen.dk\/#organization"},"potentialAction":[{"@type":"SearchAction","target":{"@type":"EntryPoint","urlTemplate":"https:\/\/fgu-skolen.dk\/?s={search_term_string}"},"query-input":{"@type":"PropertyValueSpecification","valueRequired":true,"valueName":"search_term_string"}}],"inLanguage":"da-DK"},{"@type":"Organization","@id":"https:\/\/fgu-skolen.dk\/#organization","name":"FGU-Skolen &Oslash;st","url":"https:\/\/fgu-skolen.dk\/","logo":{"@type":"ImageObject","inLanguage":"da-DK","@id":"https:\/\/fgu-skolen.dk\/#\/schema\/logo\/image\/","url":"https:\/\/fgu-skolen.dk\/wp-content\/uploads\/2021\/02\/cropped-cropped-Logo_FGU-Skolen-Oest-002.png","contentUrl":"https:\/\/fgu-skolen.dk\/wp-content\/uploads\/2021\/02\/cropped-cropped-Logo_FGU-Skolen-Oest-002.png","width":945,"height":650,"caption":"FGU-Skolen &Oslash;st"},"image":{"@id":"https:\/\/fgu-skolen.dk\/#\/schema\/logo\/image\/"}}]}},"_links":{"self":[{"href":"https:\/\/fgu-skolen.dk\/index.php\/wp-json\/wp\/v2\/pages\/168","targetHints":{"allow":["GET"]}}],"collection":[{"href":"https:\/\/fgu-skolen.dk\/index.php\/wp-json\/wp\/v2\/pages"}],"about":[{"href":"https:\/\/fgu-skolen.dk\/index.php\/wp-json\/wp\/v2\/types\/page"}],"author":[{"embeddable":true,"href":"https:\/\/fgu-skolen.dk\/index.php\/wp-json\/wp\/v2\/users\/1"}],"replies":[{"embeddable":true,"href":"https:\/\/fgu-skolen.dk\/index.php\/wp-json\/wp\/v2\/comments?post=168"}],"version-history":[{"count":18,"href":"https:\/\/fgu-skolen.dk\/index.php\/wp-json\/wp\/v2\/pages\/168\/revisions"}],"predecessor-version":[{"id":17181,"href":"https:\/\/fgu-skolen.dk\/index.php\/wp-json\/wp\/v2\/pages\/168\/revisions\/17181"}],"up":[{"embeddable":true,"href":"https:\/\/fgu-skolen.dk\/index.php\/wp-json\/wp\/v2\/pages\/144"}],"wp:attachment":[{"href":"https:\/\/fgu-skolen.dk\/index.php\/wp-json\/wp\/v2\/media?parent=168"}],"curies":[{"name":"wp","href":"https:\/\/api.w.org\/{rel}","templated":true}]}}