{"id":154,"date":"2021-01-21T07:22:26","date_gmt":"2021-01-21T07:22:26","guid":{"rendered":"http:\/\/ny.fguit.dk\/?page_id=154"},"modified":"2025-10-09T11:13:01","modified_gmt":"2025-10-09T11:13:01","slug":"til-vejledere","status":"publish","type":"page","link":"https:\/\/fgu-skolen.dk\/index.php\/til-vejledere\/","title":{"rendered":"Til vejledere"},"content":{"rendered":"<div data-colibri-id=\"154-c1\" class=\"style-394 style-local-154-c1 position-relative\">\n  <!---->\n  <div data-colibri-component=\"section\" data-colibri-id=\"154-c2\" id=\"custom\" class=\"h-section h-section-global-spacing d-flex align-items-lg-center align-items-md-center align-items-center style-395 style-local-154-c2 position-relative\">\n    <!---->\n    <!---->\n    <div class=\"h-section-grid-container h-section-boxed-container\">\n      <!---->\n      <div data-colibri-id=\"154-c3\" class=\"h-row-container gutters-row-lg-2 gutters-row-md-2 gutters-row-0 gutters-row-v-lg-2 gutters-row-v-md-2 gutters-row-v-2 style-396 style-local-154-c3 position-relative\">\n        <!---->\n        <div class=\"h-row justify-content-lg-center justify-content-md-center justify-content-center align-items-lg-stretch align-items-md-stretch align-items-stretch gutters-col-lg-2 gutters-col-md-2 gutters-col-0 gutters-col-v-lg-2 gutters-col-v-md-2 gutters-col-v-2\">\n          <!---->\n          <div class=\"h-column h-column-container d-flex h-col-lg-auto h-col-md-auto h-col-auto style-397-outer style-local-154-c4-outer\">\n            <div data-colibri-id=\"154-c4\" class=\"d-flex h-flex-basis h-column__inner h-px-lg-2 h-px-md-2 h-px-2 v-inner-lg-2 v-inner-md-2 v-inner-2 style-397 style-local-154-c4 position-relative\">\n              <!---->\n              <!---->\n              <div class=\"w-100 h-y-container h-column__content h-column__v-align flex-basis-100 align-self-lg-start align-self-md-start align-self-start\">\n                <!---->\n                <div data-colibri-id=\"154-c5\" class=\"h-text h-text-component style-4120 style-local-154-c5 position-relative h-element\">\n                  <!---->\n                  <!---->\n                  <div class=\"\">\n                    <p><strong>Vejledning p\u00e5 FGU-Skolen \u00d8st<\/strong>\n                      <br>\n                      <br> Vejledningen i FGU er mangesidet og indeb\u00e6rer et t\u00e6t samarbejde med de unge s\u00e5vel som deres l\u00e6rere. Vejledningen kvalificeres af det der foreg\u00e5r i praksis, af den viden som den unge f\u00e5r om sig selv og som l\u00e6rer og elev f\u00e5r ved at\n                      arbejde sammen i et praksisf\u00e6llesskab.<\/p>\n                    <p>Vejledningen af de unge p\u00e5 FGU-Skolen \u00d8st skal medvirke til, at de unge l\u00e6rer at forholde sig nysgerrigt til de mange muligheder, der er for at uddanne sig og skabe grundlaget for et godt liv.\n                      <br>\n                      <br> Vejledningen skal medvirke til, at de unge f\u00e5r lyst til at l\u00e6re noget om sig selv, om de faglige, sociale og personlige kompetencer de har \u2013 eller m\u00e5ske har brug for at udvikle \u2013 inden de v\u00e6lger ungdomsuddannelse eller fremtidigt\n                      erhverv.<\/p>\n                    <p>Det er vejledernes kerneopgave at have snor i alle elevers forl\u00f8b og retning. Ydermere er det vejledernes opgave at have en t\u00e6t kontakt med den Kommunale Ungeindsats om eleverne og deres forl\u00f8b.<\/p>\n                    <p>P\u00e5 FGU-Skolen \u00d8st skaber vi et inkluderende l\u00e6ringsmilj\u00f8, hvor der er plads til forskellighed og mangfoldighed, uanset hvem du er og hvad du gerne vil med dig selv. Hvis du har l\u00e6seudfordringer eller ordblindhed, kan du f\u00e5 st\u00f8tte til\n                      det bl.a. i form af It-rygs\u00e6k, ordblindecafe og l\u00e6sest\u00f8tte i dine fag \u2013 uanset om du g\u00e5r p\u00e5 AGU, PGU eller EGU. Derudover arbejder alle l\u00e6rere \u2013 uanset deres fag \u2013 p\u00e5 at skabe et ordblindevenligt l\u00e6ringsmilj\u00f8.<strong><br><br> Rundvisning:<\/strong>\n                      <br> Alle tre skoler har rundvisning hver uge.\n                      <br> FGU Greve Solr\u00f8d har rundvisning hver onsdag kl. 9.00.\n                      <br>FGU Roskilde Lejre har rundvisning hver onsdag kl. 9.00.\n                      <br>FGU H\u00f8je-Taastrup har rundvisning hver onsdag kl. 10.00.<\/p>\n                    <p>Ved tilmelding til en rundvisning, ret henvendelse til skolernes vejledere. Se kontaktinfo herunder.\n                      <br> <strong><br> Vejledere AGU og PGU:<\/strong><\/p>\n                    <p><strong>FGU H\u00f8je-Taastrup<\/strong>\n                      <br> Athena Tegner, 6161 8429,&nbsp;\n                      <a href=\"mailto:ate@fgu-skolen.dk\">ate@fgu-skolen.dk<\/a>\n                      <br> Merete Klitgaard, 8141 6419,&nbsp;\n                      <a href=\"mailto:mkl@fgu-skolen.dk\">mkl@fgu-skolen.dk<\/a>\n                      <br> Caroline Scheibel, 6644 2577, csc@fgu-skolen.dk&nbsp;\n                      <br>\n                      <br> <strong>FGU Greve Solr\u00f8d<\/strong>\n                      <br> Mette Malmberg Vest, 8141 3509,&nbsp;\n                      <a href=\"mailto:mve@fgu-skolen.dk\">mve@fgu-skolen.dk<\/a>\n                      <br> Pia Bramsen, 8141 0259,&nbsp;\n                      <a href=\"mailto:pbr@fgu-skolen.dk\">pbr@fgu-skolen.dk<\/a>\n                      <br> Lotte Mangor,&nbsp;8141 3553,&nbsp;\n                      <a href=\"mailto:lma@fgu-skolen.dk\">lma@fgu-skolen.dk<\/a> <strong>&nbsp;<br> <br> FGU Roskilde Lejre<\/strong>\n                      <br> Jesper Plambek, 4139 7211,&nbsp;\n                      <a href=\"mailto:jpl@fgu-skolen.dk\">jpl@fgu-skolen.dk<\/a>\n                      <br> Kirsten Frederiksen, 8141 0244,&nbsp;\n                      <a href=\"mailto:kif@fgu-skolen.dk\">kif@fgu-skolen.dk<\/a>\n                      <br> Mathilde Damgaard Freese, 8141 3555,&nbsp;\n                      <a href=\"mailto:mfr@fgu-skolen.dk\">mfr@fgu-skolen.dk<\/a>\n                      <br> Mariane Bech, 81413573, mbec@fgu-skolen.dk\n                      <br>\n                      <br> <em>P\u00e5 alle tre skoler:<\/em><\/p>\n                    <p><strong>Gennemf\u00f8relsesvejledere:<\/strong>\n                      <br> Christian Echardt,&nbsp;8141 3557,\n                      <a href=\"mailto:cec@fgu-skolen.dk\">cec@fgu-skolen.dk<\/a>\n                      <br> Lene Ringsmose,&nbsp;8141 3558,\n                      <a href=\"mailto:lri@fgu-skolen.dk\">lri@fgu-skolen.dk<\/a>\n                    <\/p>\n                    <p><strong>Vejleder EGU:<\/strong>\n                      <br> Anne-Mette Fejer, EGU-vejleder og -koordinator,\n                      <br>6644 2566,\n                      <a href=\"mailto:afe@fgu-skolen.dk\">afe@fgu-skolen.dk<\/a>\n                    <\/p>\n                  <\/div>\n                <\/div>\n              <\/div>\n            <\/div>\n          <\/div>\n          <div class=\"h-column h-column-container d-flex h-col-lg-auto h-col-md-auto h-col-auto style-649-outer style-local-154-c6-outer\">\n            <div data-colibri-id=\"154-c6\" class=\"d-flex h-flex-basis h-column__inner h-px-lg-2 h-px-md-2 h-px-2 v-inner-lg-2 v-inner-md-2 v-inner-2 style-649 style-local-154-c6 position-relative\">\n              <!---->\n              <!---->\n              <div class=\"w-100 h-y-container h-column__content h-column__v-align flex-basis-100 align-self-lg-start align-self-md-start align-self-start\">\n                <!---->\n                <div data-colibri-id=\"154-c7\" class=\"d-block style-650 style-local-154-c7 position-relative h-element\">\n                  <!---->\n                  <div class=\"h-image__frame-container-outer\">\n                    <div class=\"h-image__frame-container\">\n                      <!---->\n                      <!---->\n                      <img loading=\"lazy\" decoding=\"async\" width=\"800\" height=\"782\" src=\"https:\/\/fgu-skolen.dk\/wp-content\/uploads\/2023\/04\/a-KOMPAS.jpg\" class=\"wp-image-10914 style-650-image style-local-154-c7-image\" alt=\"\" srcset=\"https:\/\/fgu-skolen.dk\/wp-content\/uploads\/2023\/04\/a-KOMPAS.jpg 800w, https:\/\/fgu-skolen.dk\/wp-content\/uploads\/2023\/04\/a-KOMPAS-300x293.jpg 300w, https:\/\/fgu-skolen.dk\/wp-content\/uploads\/2023\/04\/a-KOMPAS-768x751.jpg 768w\" sizes=\"auto, (max-width: 800px) 100vw, 800px\" \/>\n                      <div class=\"h-image__frame h-hide-lg h-hide-md h-hide-sm style-650-frameImage style-local-154-c7-frameImage\"><\/div>\n                    <\/div>\n                  <\/div>\n                <\/div>\n              <\/div>\n            <\/div>\n          <\/div>\n        <\/div>\n      <\/div>\n    <\/div>\n  <\/div>\n<\/div>","protected":false},"excerpt":{"rendered":"<p>Vejledning p\u00e5 FGU-Skolen \u00d8st Vejledningen i FGU er mangesidet og indeb\u00e6rer et t\u00e6t samarbejde med de unge s\u00e5vel som deres l\u00e6rere. Vejledningen kvalificeres af det der foreg\u00e5r i praksis, af den viden som den unge f\u00e5r om sig selv og som l\u00e6rer og elev f\u00e5r ved at arbejde sammen i et praksisf\u00e6llesskab. Vejledningen af de [&hellip;]<\/p>\n","protected":false},"author":1,"featured_media":0,"parent":0,"menu_order":0,"comment_status":"closed","ping_status":"closed","template":"page-templates\/full-width-page.php","meta":{"_mo_disable_npp":"","h5ap_radio_sources":[],"footnotes":""},"class_list":["post-154","page","type-page","status-publish","hentry"],"yoast_head":"<!-- This site is optimized with the Yoast SEO plugin v27.2 - https:\/\/yoast.com\/product\/yoast-seo-wordpress\/ -->\n<title>Til vejledere - FGU-Skolen &Oslash;st<\/title>\n<meta name=\"robots\" content=\"index, follow, max-snippet:-1, max-image-preview:large, max-video-preview:-1\" \/>\n<link rel=\"canonical\" href=\"https:\/\/fgu-skolen.dk\/index.php\/til-vejledere\/\" \/>\n<meta property=\"og:locale\" content=\"da_DK\" \/>\n<meta property=\"og:type\" content=\"article\" \/>\n<meta property=\"og:title\" content=\"Til vejledere - FGU-Skolen &Oslash;st\" \/>\n<meta property=\"og:description\" content=\"Vejledning p\u00e5 FGU-Skolen \u00d8st Vejledningen i FGU er mangesidet og indeb\u00e6rer et t\u00e6t samarbejde med de unge s\u00e5vel som deres l\u00e6rere. Vejledningen kvalificeres af det der foreg\u00e5r i praksis, af den viden som den unge f\u00e5r om sig selv og som l\u00e6rer og elev f\u00e5r ved at arbejde sammen i et praksisf\u00e6llesskab. Vejledningen af de [&hellip;]\" \/>\n<meta property=\"og:url\" content=\"https:\/\/fgu-skolen.dk\/index.php\/til-vejledere\/\" \/>\n<meta property=\"og:site_name\" content=\"FGU-Skolen &Oslash;st\" \/>\n<meta property=\"article:modified_time\" content=\"2025-10-09T11:13:01+00:00\" \/>\n<meta property=\"og:image\" content=\"https:\/\/fgu-skolen.dk\/wp-content\/uploads\/2023\/04\/a-KOMPAS.jpg\" \/>\n\t<meta property=\"og:image:width\" content=\"800\" \/>\n\t<meta property=\"og:image:height\" content=\"782\" \/>\n\t<meta property=\"og:image:type\" content=\"image\/jpeg\" \/>\n<meta name=\"twitter:card\" content=\"summary_large_image\" \/>\n<meta name=\"twitter:label1\" content=\"Estimeret l\u00e6setid\" \/>\n\t<meta name=\"twitter:data1\" content=\"2 minutter\" \/>\n<script type=\"application\/ld+json\" class=\"yoast-schema-graph\">{\"@context\":\"https:\/\/schema.org\",\"@graph\":[{\"@type\":\"WebPage\",\"@id\":\"https:\/\/fgu-skolen.dk\/index.php\/til-vejledere\/\",\"url\":\"https:\/\/fgu-skolen.dk\/index.php\/til-vejledere\/\",\"name\":\"Til vejledere - FGU-Skolen &Oslash;st\",\"isPartOf\":{\"@id\":\"https:\/\/fgu-skolen.dk\/#website\"},\"primaryImageOfPage\":{\"@id\":\"https:\/\/fgu-skolen.dk\/index.php\/til-vejledere\/#primaryimage\"},\"image\":{\"@id\":\"https:\/\/fgu-skolen.dk\/index.php\/til-vejledere\/#primaryimage\"},\"thumbnailUrl\":\"https:\/\/fgu-skolen.dk\/wp-content\/uploads\/2023\/04\/a-KOMPAS.jpg\",\"datePublished\":\"2021-01-21T07:22:26+00:00\",\"dateModified\":\"2025-10-09T11:13:01+00:00\",\"breadcrumb\":{\"@id\":\"https:\/\/fgu-skolen.dk\/index.php\/til-vejledere\/#breadcrumb\"},\"inLanguage\":\"da-DK\",\"potentialAction\":[{\"@type\":\"ReadAction\",\"target\":[\"https:\/\/fgu-skolen.dk\/index.php\/til-vejledere\/\"]}]},{\"@type\":\"ImageObject\",\"inLanguage\":\"da-DK\",\"@id\":\"https:\/\/fgu-skolen.dk\/index.php\/til-vejledere\/#primaryimage\",\"url\":\"https:\/\/fgu-skolen.dk\/wp-content\/uploads\/2023\/04\/a-KOMPAS.jpg\",\"contentUrl\":\"https:\/\/fgu-skolen.dk\/wp-content\/uploads\/2023\/04\/a-KOMPAS.jpg\",\"width\":800,\"height\":782},{\"@type\":\"BreadcrumbList\",\"@id\":\"https:\/\/fgu-skolen.dk\/index.php\/til-vejledere\/#breadcrumb\",\"itemListElement\":[{\"@type\":\"ListItem\",\"position\":1,\"name\":\"Hjem\",\"item\":\"https:\/\/fgu-skolen.dk\/\"},{\"@type\":\"ListItem\",\"position\":2,\"name\":\"Til vejledere\"}]},{\"@type\":\"WebSite\",\"@id\":\"https:\/\/fgu-skolen.dk\/#website\",\"url\":\"https:\/\/fgu-skolen.dk\/\",\"name\":\"FGU-Skolen &Oslash;st\",\"description\":\"\",\"publisher\":{\"@id\":\"https:\/\/fgu-skolen.dk\/#organization\"},\"potentialAction\":[{\"@type\":\"SearchAction\",\"target\":{\"@type\":\"EntryPoint\",\"urlTemplate\":\"https:\/\/fgu-skolen.dk\/?s={search_term_string}\"},\"query-input\":{\"@type\":\"PropertyValueSpecification\",\"valueRequired\":true,\"valueName\":\"search_term_string\"}}],\"inLanguage\":\"da-DK\"},{\"@type\":\"Organization\",\"@id\":\"https:\/\/fgu-skolen.dk\/#organization\",\"name\":\"FGU-Skolen &Oslash;st\",\"url\":\"https:\/\/fgu-skolen.dk\/\",\"logo\":{\"@type\":\"ImageObject\",\"inLanguage\":\"da-DK\",\"@id\":\"https:\/\/fgu-skolen.dk\/#\/schema\/logo\/image\/\",\"url\":\"https:\/\/fgu-skolen.dk\/wp-content\/uploads\/2021\/02\/cropped-cropped-Logo_FGU-Skolen-Oest-002.png\",\"contentUrl\":\"https:\/\/fgu-skolen.dk\/wp-content\/uploads\/2021\/02\/cropped-cropped-Logo_FGU-Skolen-Oest-002.png\",\"width\":945,\"height\":650,\"caption\":\"FGU-Skolen &Oslash;st\"},\"image\":{\"@id\":\"https:\/\/fgu-skolen.dk\/#\/schema\/logo\/image\/\"}}]}<\/script>\n<!-- \/ Yoast SEO plugin. -->","yoast_head_json":{"title":"Til vejledere - FGU-Skolen &Oslash;st","robots":{"index":"index","follow":"follow","max-snippet":"max-snippet:-1","max-image-preview":"max-image-preview:large","max-video-preview":"max-video-preview:-1"},"canonical":"https:\/\/fgu-skolen.dk\/index.php\/til-vejledere\/","og_locale":"da_DK","og_type":"article","og_title":"Til vejledere - FGU-Skolen &Oslash;st","og_description":"Vejledning p\u00e5 FGU-Skolen \u00d8st Vejledningen i FGU er mangesidet og indeb\u00e6rer et t\u00e6t samarbejde med de unge s\u00e5vel som deres l\u00e6rere. Vejledningen kvalificeres af det der foreg\u00e5r i praksis, af den viden som den unge f\u00e5r om sig selv og som l\u00e6rer og elev f\u00e5r ved at arbejde sammen i et praksisf\u00e6llesskab. Vejledningen af de [&hellip;]","og_url":"https:\/\/fgu-skolen.dk\/index.php\/til-vejledere\/","og_site_name":"FGU-Skolen &Oslash;st","article_modified_time":"2025-10-09T11:13:01+00:00","og_image":[{"width":800,"height":782,"url":"https:\/\/fgu-skolen.dk\/wp-content\/uploads\/2023\/04\/a-KOMPAS.jpg","type":"image\/jpeg"}],"twitter_card":"summary_large_image","twitter_misc":{"Estimeret l\u00e6setid":"2 minutter"},"schema":{"@context":"https:\/\/schema.org","@graph":[{"@type":"WebPage","@id":"https:\/\/fgu-skolen.dk\/index.php\/til-vejledere\/","url":"https:\/\/fgu-skolen.dk\/index.php\/til-vejledere\/","name":"Til vejledere - FGU-Skolen &Oslash;st","isPartOf":{"@id":"https:\/\/fgu-skolen.dk\/#website"},"primaryImageOfPage":{"@id":"https:\/\/fgu-skolen.dk\/index.php\/til-vejledere\/#primaryimage"},"image":{"@id":"https:\/\/fgu-skolen.dk\/index.php\/til-vejledere\/#primaryimage"},"thumbnailUrl":"https:\/\/fgu-skolen.dk\/wp-content\/uploads\/2023\/04\/a-KOMPAS.jpg","datePublished":"2021-01-21T07:22:26+00:00","dateModified":"2025-10-09T11:13:01+00:00","breadcrumb":{"@id":"https:\/\/fgu-skolen.dk\/index.php\/til-vejledere\/#breadcrumb"},"inLanguage":"da-DK","potentialAction":[{"@type":"ReadAction","target":["https:\/\/fgu-skolen.dk\/index.php\/til-vejledere\/"]}]},{"@type":"ImageObject","inLanguage":"da-DK","@id":"https:\/\/fgu-skolen.dk\/index.php\/til-vejledere\/#primaryimage","url":"https:\/\/fgu-skolen.dk\/wp-content\/uploads\/2023\/04\/a-KOMPAS.jpg","contentUrl":"https:\/\/fgu-skolen.dk\/wp-content\/uploads\/2023\/04\/a-KOMPAS.jpg","width":800,"height":782},{"@type":"BreadcrumbList","@id":"https:\/\/fgu-skolen.dk\/index.php\/til-vejledere\/#breadcrumb","itemListElement":[{"@type":"ListItem","position":1,"name":"Hjem","item":"https:\/\/fgu-skolen.dk\/"},{"@type":"ListItem","position":2,"name":"Til vejledere"}]},{"@type":"WebSite","@id":"https:\/\/fgu-skolen.dk\/#website","url":"https:\/\/fgu-skolen.dk\/","name":"FGU-Skolen &Oslash;st","description":"","publisher":{"@id":"https:\/\/fgu-skolen.dk\/#organization"},"potentialAction":[{"@type":"SearchAction","target":{"@type":"EntryPoint","urlTemplate":"https:\/\/fgu-skolen.dk\/?s={search_term_string}"},"query-input":{"@type":"PropertyValueSpecification","valueRequired":true,"valueName":"search_term_string"}}],"inLanguage":"da-DK"},{"@type":"Organization","@id":"https:\/\/fgu-skolen.dk\/#organization","name":"FGU-Skolen &Oslash;st","url":"https:\/\/fgu-skolen.dk\/","logo":{"@type":"ImageObject","inLanguage":"da-DK","@id":"https:\/\/fgu-skolen.dk\/#\/schema\/logo\/image\/","url":"https:\/\/fgu-skolen.dk\/wp-content\/uploads\/2021\/02\/cropped-cropped-Logo_FGU-Skolen-Oest-002.png","contentUrl":"https:\/\/fgu-skolen.dk\/wp-content\/uploads\/2021\/02\/cropped-cropped-Logo_FGU-Skolen-Oest-002.png","width":945,"height":650,"caption":"FGU-Skolen &Oslash;st"},"image":{"@id":"https:\/\/fgu-skolen.dk\/#\/schema\/logo\/image\/"}}]}},"_links":{"self":[{"href":"https:\/\/fgu-skolen.dk\/index.php\/wp-json\/wp\/v2\/pages\/154","targetHints":{"allow":["GET"]}}],"collection":[{"href":"https:\/\/fgu-skolen.dk\/index.php\/wp-json\/wp\/v2\/pages"}],"about":[{"href":"https:\/\/fgu-skolen.dk\/index.php\/wp-json\/wp\/v2\/types\/page"}],"author":[{"embeddable":true,"href":"https:\/\/fgu-skolen.dk\/index.php\/wp-json\/wp\/v2\/users\/1"}],"replies":[{"embeddable":true,"href":"https:\/\/fgu-skolen.dk\/index.php\/wp-json\/wp\/v2\/comments?post=154"}],"version-history":[{"count":20,"href":"https:\/\/fgu-skolen.dk\/index.php\/wp-json\/wp\/v2\/pages\/154\/revisions"}],"predecessor-version":[{"id":18039,"href":"https:\/\/fgu-skolen.dk\/index.php\/wp-json\/wp\/v2\/pages\/154\/revisions\/18039"}],"wp:attachment":[{"href":"https:\/\/fgu-skolen.dk\/index.php\/wp-json\/wp\/v2\/media?parent=154"}],"curies":[{"name":"wp","href":"https:\/\/api.w.org\/{rel}","templated":true}]}}